{"id":1248,"date":"2019-07-31T10:04:35","date_gmt":"2019-07-31T08:04:35","guid":{"rendered":"http:\/\/ciudadexpo.com\/ciudad\/?page_id=1248"},"modified":"2021-02-23T14:32:14","modified_gmt":"2021-02-23T13:32:14","slug":"normas-de-reserva-de-pistas","status":"publish","type":"page","link":"https:\/\/ciudadexpo.com\/ciudad\/normas-de-reserva-de-pistas\/","title":{"rendered":"Normas de reserva de pistas"},"content":{"rendered":"<p><span style=\"font-weight: bold;\">PROCEDIMIENTOS Y NORMAS DE USO DE LAS PISTAS DE TENIS Y PADEL<\/span><\/p>\n<p>1.\u00a0\u00a0\u00a0 El horario de utilizaci\u00f3n de las pistas de padel y tenis queda comprendido de 9:00 h a 22:30 h de lunes a domingo en temporada de oto\u00f1o-invierno, ampli\u00e1ndose hasta las 23:00 h en los meses de junio, julio y agosto.<\/p>\n<p>2.\u00a0\u00a0\u00a0 La coordinaci\u00f3n y control de las pistas de tenis y padel ser\u00e1 responsabilidad del conserje encargado, de acuerdo con las normas escritas e instrucciones que pueda recibir de la junta directiva del club.<\/p>\n<p>3.\u00a0\u00a0\u00a0 A las pistas solo pueden acceder los jugadores, equipos arbitrales, t\u00e9cnicos y cualquier otra persona debidamente autorizada, con vestimenta y calzado deportivo adecuado, quedando totalmente prohibida la pr\u00e1ctica deportiva sin camiseta, quedando a criterio del personal del club la idoneidad de la vestimenta. Los acompa\u00f1antes y espectadores se ubicar\u00e1n en las zonas destinadas para ello.<\/p>\n<p>4.\u00a0\u00a0\u00a0 Las pistas de tenis y padel son de uso exclusivo para la pr\u00e1ctica de estos deportes, estando totalmente prohibida la entrada a las pistas de bicicletas, patines, balones, animales de compa\u00f1\u00eda, o cualquier otro instrumental distinto al usado en estas disciplinas deportivas. Los desperfectos ocasionados por el uso inadecuado de las instalaciones ser\u00e1n responsabilidad de los usuarios.<\/p>\n<p>5.\u00a0\u00a0\u00a0 Los m\u00f3dulos de solicitud y reserva de pistas son de una hora y media para pistas de padel, y una hora para pistas de tenis, pudiendo una misma persona reservar para su uso m\u00e1s de un m\u00f3dulo horario.<\/p>\n<p>6.\u00a0\u00a0\u00a0 El personal del club (conserjes), controlar\u00e1n en todo momento que las pistas permanezcan cerradas y con las luces apagadas cuando estas no est\u00e9n siendo utilizadas.<\/p>\n<p>7.\u00a0\u00a0\u00a0 En general todas las reservas deber\u00e1n ser efectuadas a trav\u00e9s del programa inform\u00e1tico establecido (v\u00eda Internet), o contactando telef\u00f3nicamente con la recepci\u00f3n deportiva. En caso de haber disponibilidad, se podr\u00e1 realizar person\u00e1ndose directamente en la recepci\u00f3n del club en el momento de comenzar la pr\u00e1ctica deportiva, siempre coincidiendo con los m\u00f3dulos horarios establecidos.<\/p>\n<p>8.\u00a0\u00a0\u00a0 Se establece un canon general de 2 euros por reserva anticipada, aplic\u00e1ndose como abono complementario a la tarifa ordinaria, siendo de aplicaci\u00f3n a todas las reservas que se efect\u00faen por cualquier procedimiento hasta 24 horas antes del comienzo del juego.<\/p>\n<p>9.\u00a0\u00a0\u00a0 Confirmada la reserva, s\u00f3lo se podr\u00e1 anular sin coste alguno por los siguientes motivos: lluvia, pistas impracticables por causas diversas, o por disposici\u00f3n especial del club. En el caso de que la causa sea inherente al socio, \u00e9ste deber\u00e1 establecer comunicaci\u00f3n telef\u00f3nica con la recepci\u00f3n deportiva con al menos 2 horas de antelaci\u00f3n. En el caso de que dicha anulaci\u00f3n no cumpla ninguno de los supuestos anteriores, o que directamente no se presenten a jugar los socios que tienen la pista reservada, \u00e9stos deber\u00e1n abonar el importe de la pista y de su reserva anticipada si fuera el caso. Lo \u00fanico que no tendr\u00e1n que abonar es el importe de luz por no haber hecho uso de ella.<\/p>\n<p>10.\u00a0\u00a0Podr\u00e1n hacer uso de las instalaciones los socios y sus invitados, pudiendo \u00fanicamente reservar el socio, que deber\u00e1 ser obligatoriamente uno de los jugadores,\u00a0y siendo en todo momento responsable a todos los efectos de sus invitados.<\/p>\n<p>El invitado que juegue como tal asiduamente en tenis, padel, o cualquier otra actividad, deber\u00e1 sacar el carn\u00e9 deportivo para poder hacer uso de nuestras instalaciones.<\/p>\n<p>11.\u00a0\u00a0\u00a0 Los invitados que no dispongan de tarjeta deportiva de acceso a las instalaciones deber\u00e1n entrar y salir obligatoriamente por la puerta de recepci\u00f3n del club, estando totalmente prohibido el uso del torno.<\/p>\n<p>12.- Los jugadores deber\u00e1n depositar en la recepci\u00f3n deportiva su carnet actualizado de socio o residente si\u00e9ndoles devueltos una vez finalizada la pr\u00e1ctica deportiva. Los invitados deber\u00e1n registrarse en la recepci\u00f3n del club mostrando su DNI.<\/p>\n<p>13.- El incumplimiento de estas normas podr\u00e1 ser sancionada a criterio de la Junta Directiva del Club con la suspensi\u00f3n del derecho de uso y disfrute de las instalaciones durante el periodo que se determine.<\/p>\n<p>14.- Se proh\u00edbe el consumo de bebidas alcoh\u00f3licas, tabaco y utensilios de cristal en las pistas deportivas.<\/p>\n<p>15.- Los precios de alquiler de pistas a partir del 1 de agosto de 2019 son los siguientes:<\/p>\n<p><strong>PADEL:<\/strong><br \/>\nPrecio por hora y media de pista&#8212;&#8212;&#8212;&#8212;&#8212;&#8212;&#8212;&#8212;&#8212;\u00a0 8 euros<br \/>\nComplemento de luz &#8212;&#8212;&#8212;&#8212;&#8212;&#8212;&#8212;&#8212;&#8212;&#8212;&#8212;&#8212;&#8212;&#8212;&#8211; 2 euros<br \/>\n<strong>\u00a0TENIS<\/strong><br \/>\nPrecio por hora de pista&#8212;&#8212;&#8212;&#8212;&#8212;&#8212;&#8212;&#8212;&#8212;&#8212;&#8212;&#8212;&#8211; 4 euros<br \/>\nComplemento de luz por hora&#8212;&#8212;&#8212;&#8212;&#8212;&#8212;&#8212;&#8212;&#8212;&#8211; 3 euros<\/p>\n<p>* Reserva de pistas de padel y tenis con m\u00e1s de 24 horas de antelaci\u00f3n 2 euros\/h<\/p>\n<p>16.- La reserva se realizar\u00e1 por el coste de la pista (4 \u20ac tenis y 8 \u20ac padel).<br \/>\nEl resto del importe del coste del alquiler de la pista se abonar\u00e1 con cargo al Bono en la recepci\u00f3n Deportiva del Club Social.<br \/>\n<!-- [if gte mso 9]><xml>\n<w:WordDocument>\n<w:View>Normal<\/w:View>\n<w:Zoom>0<\/w:Zoom>\n<w:TrackMoves \/>\n<w:TrackFormatting \/>\n<w:HyphenationZone>21<\/w:HyphenationZone>\n<w:PunctuationKerning \/>\n<w:ValidateAgainstSchemas \/>\n<w:SaveIfXMLInvalid>false<\/w:SaveIfXMLInvalid>\n<w:IgnoreMixedContent>false<\/w:IgnoreMixedContent>\n<w:AlwaysShowPlaceholderText>false<\/w:AlwaysShowPlaceholderText>\n<w:DoNotPromoteQF \/>\n<w:LidThemeOther>ES<\/w:LidThemeOther>\n<w:LidThemeAsian>X-NONE<\/w:LidThemeAsian>\n<w:LidThemeComplexScript>X-NONE<\/w:LidThemeComplexScript>\n<w:Compatibility>\n<w:BreakWrappedTables \/>\n<w:SnapToGridInCell \/>\n<w:WrapTextWithPunct \/>\n<w:UseAsianBreakRules \/>\n<w:DontGrowAutofit \/>\n<w:SplitPgBreakAndParaMark \/>\n<w:DontVertAlignCellWithSp \/>\n<w:DontBreakConstrainedForcedTables \/>\n<w:DontVertAlignInTxbx \/>\n<w:Word11KerningPairs \/>\n<w:CachedColBalance \/>\n<\/w:Compatibility>\n<w:BrowserLevel>MicrosoftInternetExplorer4<\/w:BrowserLevel>\n<m:mathPr>\n<m:mathFont m:val=\"Cambria Math\" \/>\n<m:brkBin m:val=\"before\" \/>\n<m:brkBinSub m:val=\"--\" \/>\n<m:smallFrac m:val=\"off\" \/>\n<m:dispDef \/>\n<m:lMargin m:val=\"0\" \/>\n<m:rMargin m:val=\"0\" \/>\n<m:defJc m:val=\"centerGroup\" \/>\n<m:wrapIndent m:val=\"1440\" \/>\n<m:intLim m:val=\"subSup\" \/>\n<m:naryLim m:val=\"undOvr\" \/>\n<\/m:mathPr><\/w:WordDocument>\n<\/xml><![endif]--><!-- [if gte mso 9]><xml>\n<w:LatentStyles DefLockedState=\"false\" DefUnhideWhenUsed=\"true\" DefSemiHidden=\"true\" DefQFormat=\"false\" DefPriority=\"99\" LatentStyleCount=\"267\">\n<w:LsdException Locked=\"false\" Priority=\"0\" SemiHidden=\"false\" UnhideWhenUsed=\"false\" QFormat=\"true\" Name=\"Normal\" \/>\n<w:LsdException Locked=\"false\" Priority=\"9\" SemiHidden=\"false\" UnhideWhenUsed=\"false\" QFormat=\"true\" Name=\"heading 1\" \/>\n<w:LsdException Locked=\"false\" Priority=\"9\" QFormat=\"true\" Name=\"heading 2\" \/>\n<w:LsdException Locked=\"false\" Priority=\"9\" QFormat=\"true\" Name=\"heading 3\" \/>\n<w:LsdException Locked=\"false\" Priority=\"9\" QFormat=\"true\" Name=\"heading 4\" \/>\n<w:LsdException Locked=\"false\" Priority=\"9\" QFormat=\"true\" Name=\"heading 5\" \/>\n<w:LsdException Locked=\"false\" Priority=\"9\" QFormat=\"true\" Name=\"heading 6\" \/>\n<w:LsdException Locked=\"false\" Priority=\"9\" QFormat=\"true\" Name=\"heading 7\" \/>\n<w:LsdException Locked=\"false\" Priority=\"9\" QFormat=\"true\" Name=\"heading 8\" \/>\n<w:LsdException Locked=\"false\" Priority=\"9\" QFormat=\"true\" Name=\"heading 9\" \/>\n<w:LsdException Locked=\"false\" Priority=\"39\" Name=\"toc 1\" \/>\n<w:LsdException Locked=\"false\" Priority=\"39\" Name=\"toc 2\" \/>\n<w:LsdException Locked=\"false\" Priority=\"39\" Name=\"toc 3\" \/>\n<w:LsdException Locked=\"false\" Priority=\"39\" Name=\"toc 4\" \/>\n<w:LsdException Locked=\"false\" Priority=\"39\" Name=\"toc 5\" \/>\n<w:LsdException Locked=\"false\" Priority=\"39\" Name=\"toc 6\" \/>\n<w:LsdException Locked=\"false\" Priority=\"39\" Name=\"toc 7\" \/>\n<w:LsdException Locked=\"false\" Priority=\"39\" Name=\"toc 8\" \/>\n<w:LsdException Locked=\"false\" Priority=\"39\" Name=\"toc 9\" \/>\n<w:LsdException Locked=\"false\" Priority=\"35\" QFormat=\"true\" Name=\"caption\" \/>\n<w:LsdException Locked=\"false\" Priority=\"10\" SemiHidden=\"false\" UnhideWhenUsed=\"false\" QFormat=\"true\" Name=\"Title\" \/>\n<w:LsdException Locked=\"false\" Priority=\"1\" Name=\"Default Paragraph Font\" \/>\n<w:LsdException Locked=\"false\" Priority=\"11\" SemiHidden=\"false\" UnhideWhenUsed=\"false\" QFormat=\"true\" Name=\"Subtitle\" \/>\n<w:LsdException Locked=\"false\" Priority=\"22\" SemiHidden=\"false\" UnhideWhenUsed=\"false\" QFormat=\"true\" Name=\"Strong\" \/>\n<w:LsdException Locked=\"false\" Priority=\"20\" SemiHidden=\"false\" UnhideWhenUsed=\"false\" QFormat=\"true\" Name=\"Emphasis\" \/>\n<w:LsdException Locked=\"false\" Priority=\"59\" SemiHidden=\"false\" UnhideWhenUsed=\"false\" Name=\"Table Grid\" \/>\n<w:LsdException Locked=\"false\" UnhideWhenUsed=\"false\" Name=\"Placeholder Text\" \/>\n<w:LsdException Locked=\"false\" Priority=\"1\" SemiHidden=\"false\" UnhideWhenUsed=\"false\" QFormat=\"true\" Name=\"No Spacing\" \/>\n<w:LsdException Locked=\"false\" Priority=\"60\" SemiHidden=\"false\" UnhideWhenUsed=\"false\" Name=\"Light Shading\" \/>\n<w:LsdException Locked=\"false\" Priority=\"61\" SemiHidden=\"false\" UnhideWhenUsed=\"false\" Name=\"Light List\" \/>\n<w:LsdException Locked=\"false\" Priority=\"62\" SemiHidden=\"false\" UnhideWhenUsed=\"false\" Name=\"Light Grid\" \/>\n<w:LsdException Locked=\"false\" Priority=\"63\" SemiHidden=\"false\" UnhideWhenUsed=\"false\" Name=\"Medium Shading 1\" \/>\n<w:LsdException Locked=\"false\" Priority=\"64\" SemiHidden=\"false\" UnhideWhenUsed=\"false\" Name=\"Medium Shading 2\" \/>\n<w:LsdException Locked=\"false\" Priority=\"65\" SemiHidden=\"false\" UnhideWhenUsed=\"false\" Name=\"Medium List 1\" \/>\n<w:LsdException Locked=\"false\" Priority=\"66\" SemiHidden=\"false\" UnhideWhenUsed=\"false\" Name=\"Medium List 2\" \/>\n<w:LsdException Locked=\"false\" Priority=\"67\" SemiHidden=\"false\" UnhideWhenUsed=\"false\" Name=\"Medium Grid 1\" \/>\n<w:LsdException Locked=\"false\" Priority=\"68\" SemiHidden=\"false\" UnhideWhenUsed=\"false\" Name=\"Medium Grid 2\" \/>\n<w:LsdException Locked=\"false\" Priority=\"69\" SemiHidden=\"false\" UnhideWhenUsed=\"false\" Name=\"Medium Grid 3\" \/>\n<w:LsdException Locked=\"false\" Priority=\"70\" SemiHidden=\"false\" UnhideWhenUsed=\"false\" Name=\"Dark List\" \/>\n<w:LsdException Locked=\"false\" Priority=\"71\" SemiHidden=\"false\" UnhideWhenUsed=\"false\" Name=\"Colorful Shading\" \/>\n<w:LsdException Locked=\"false\" Priority=\"72\" SemiHidden=\"false\" UnhideWhenUsed=\"false\" Name=\"Colorful List\" \/>\n<w:LsdException Locked=\"false\" Priority=\"73\" SemiHidden=\"false\" UnhideWhenUsed=\"false\" Name=\"Colorful Grid\" \/>\n<w:LsdException Locked=\"false\" Priority=\"60\" SemiHidden=\"false\" UnhideWhenUsed=\"false\" Name=\"Light Shading Accent 1\" \/>\n<w:LsdException Locked=\"false\" Priority=\"61\" SemiHidden=\"false\" UnhideWhenUsed=\"false\" Name=\"Light List Accent 1\" \/>\n<w:LsdException Locked=\"false\" Priority=\"62\" SemiHidden=\"false\" UnhideWhenUsed=\"false\" Name=\"Light Grid Accent 1\" \/>\n<w:LsdException Locked=\"false\" Priority=\"63\" SemiHidden=\"false\" UnhideWhenUsed=\"false\" Name=\"Medium Shading 1 Accent 1\" \/>\n<w:LsdException Locked=\"false\" Priority=\"64\" SemiHidden=\"false\" UnhideWhenUsed=\"false\" Name=\"Medium Shading 2 Accent 1\" \/>\n<w:LsdException Locked=\"false\" Priority=\"65\" SemiHidden=\"false\" UnhideWhenUsed=\"false\" Name=\"Medium List 1 Accent 1\" \/>\n<w:LsdException Locked=\"false\" UnhideWhenUsed=\"false\" Name=\"Revision\" \/>\n<w:LsdException Locked=\"false\" Priority=\"34\" SemiHidden=\"false\" UnhideWhenUsed=\"false\" QFormat=\"true\" Name=\"List Paragraph\" \/>\n<w:LsdException Locked=\"false\" Priority=\"29\" SemiHidden=\"false\" UnhideWhenUsed=\"false\" QFormat=\"true\" Name=\"Quote\" \/>\n<w:LsdException Locked=\"false\" Priority=\"30\" SemiHidden=\"false\" UnhideWhenUsed=\"false\" QFormat=\"true\" Name=\"Intense Quote\" \/>\n<w:LsdException Locked=\"false\" Priority=\"66\" SemiHidden=\"false\" UnhideWhenUsed=\"false\" Name=\"Medium List 2 Accent 1\" \/>\n<w:LsdException Locked=\"false\" Priority=\"67\" SemiHidden=\"false\" UnhideWhenUsed=\"false\" Name=\"Medium Grid 1 Accent 1\" \/>\n<w:LsdException Locked=\"false\" Priority=\"68\" SemiHidden=\"false\" UnhideWhenUsed=\"false\" Name=\"Medium Grid 2 Accent 1\" \/>\n<w:LsdException Locked=\"false\" Priority=\"69\" SemiHidden=\"false\" UnhideWhenUsed=\"false\" Name=\"Medium Grid 3 Accent 1\" \/>\n<w:LsdException Locked=\"false\" Priority=\"70\" SemiHidden=\"false\" UnhideWhenUsed=\"false\" Name=\"Dark List Accent 1\" \/>\n<w:LsdException Locked=\"false\" Priority=\"71\" SemiHidden=\"false\" UnhideWhenUsed=\"false\" Name=\"Colorful Shading Accent 1\" \/>\n<w:LsdException Locked=\"false\" Priority=\"72\" SemiHidden=\"false\" UnhideWhenUsed=\"false\" Name=\"Colorful List Accent 1\" \/>\n<w:LsdException Locked=\"false\" Priority=\"73\" SemiHidden=\"false\" UnhideWhenUsed=\"false\" Name=\"Colorful Grid Accent 1\" \/>\n<w:LsdException Locked=\"false\" Priority=\"60\" SemiHidden=\"false\" UnhideWhenUsed=\"false\" Name=\"Light Shading Accent 2\" \/>\n<w:LsdException Locked=\"false\" Priority=\"61\" SemiHidden=\"false\" UnhideWhenUsed=\"false\" Name=\"Light List Accent 2\" \/>\n<w:LsdException Locked=\"false\" Priority=\"62\" SemiHidden=\"false\" UnhideWhenUsed=\"false\" Name=\"Light Grid Accent 2\" \/>\n<w:LsdException Locked=\"false\" Priority=\"63\" SemiHidden=\"false\" UnhideWhenUsed=\"false\" Name=\"Medium Shading 1 Accent 2\" \/>\n<w:LsdException Locked=\"false\" Priority=\"64\" SemiHidden=\"false\" UnhideWhenUsed=\"false\" Name=\"Medium Shading 2 Accent 2\" \/>\n<w:LsdException Locked=\"false\" Priority=\"65\" SemiHidden=\"false\" UnhideWhenUsed=\"false\" Name=\"Medium List 1 Accent 2\" \/>\n<w:LsdException Locked=\"false\" Priority=\"66\" SemiHidden=\"false\" UnhideWhenUsed=\"false\" Name=\"Medium List 2 Accent 2\" \/>\n<w:LsdException Locked=\"false\" Priority=\"67\" SemiHidden=\"false\" UnhideWhenUsed=\"false\" Name=\"Medium Grid 1 Accent 2\" \/>\n<w:LsdException Locked=\"false\" Priority=\"68\" SemiHidden=\"false\" UnhideWhenUsed=\"false\" Name=\"Medium Grid 2 Accent 2\" \/>\n<w:LsdException Locked=\"false\" Priority=\"69\" SemiHidden=\"false\" UnhideWhenUsed=\"false\" Name=\"Medium Grid 3 Accent 2\" \/>\n<w:LsdException Locked=\"false\" Priority=\"70\" SemiHidden=\"false\" UnhideWhenUsed=\"false\" Name=\"Dark List Accent 2\" \/>\n<w:LsdException Locked=\"false\" Priority=\"71\" SemiHidden=\"false\" UnhideWhenUsed=\"false\" Name=\"Colorful Shading Accent 2\" \/>\n<w:LsdException Locked=\"false\" Priority=\"72\" SemiHidden=\"false\" UnhideWhenUsed=\"false\" Name=\"Colorful List Accent 2\" \/>\n<w:LsdException Locked=\"false\" Priority=\"73\" SemiHidden=\"false\" UnhideWhenUsed=\"false\" Name=\"Colorful Grid Accent 2\" \/>\n<w:LsdException Locked=\"false\" Priority=\"60\" SemiHidden=\"false\" UnhideWhenUsed=\"false\" Name=\"Light Shading Accent 3\" \/>\n<w:LsdException Locked=\"false\" Priority=\"61\" SemiHidden=\"false\" UnhideWhenUsed=\"false\" Name=\"Light List Accent 3\" \/>\n<w:LsdException Locked=\"false\" Priority=\"62\" SemiHidden=\"false\" UnhideWhenUsed=\"false\" Name=\"Light Grid Accent 3\" \/>\n<w:LsdException Locked=\"false\" Priority=\"63\" SemiHidden=\"false\" UnhideWhenUsed=\"false\" Name=\"Medium Shading 1 Accent 3\" \/>\n<w:LsdException Locked=\"false\" Priority=\"64\" SemiHidden=\"false\" UnhideWhenUsed=\"false\" Name=\"Medium Shading 2 Accent 3\" \/>\n<w:LsdException Locked=\"false\" Priority=\"65\" SemiHidden=\"false\" UnhideWhenUsed=\"false\" Name=\"Medium List 1 Accent 3\" \/>\n<w:LsdException Locked=\"false\" Priority=\"66\" SemiHidden=\"false\" UnhideWhenUsed=\"false\" Name=\"Medium List 2 Accent 3\" \/>\n<w:LsdException Locked=\"false\" Priority=\"67\" SemiHidden=\"false\" UnhideWhenUsed=\"false\" Name=\"Medium Grid 1 Accent 3\" \/>\n<w:LsdException Locked=\"false\" Priority=\"68\" SemiHidden=\"false\" UnhideWhenUsed=\"false\" Name=\"Medium Grid 2 Accent 3\" \/>\n<w:LsdException Locked=\"false\" Priority=\"69\" SemiHidden=\"false\" UnhideWhenUsed=\"false\" Name=\"Medium Grid 3 Accent 3\" \/>\n<w:LsdException Locked=\"false\" Priority=\"70\" SemiHidden=\"false\" UnhideWhenUsed=\"false\" Name=\"Dark List Accent 3\" \/>\n<w:LsdException Locked=\"false\" Priority=\"71\" SemiHidden=\"false\" UnhideWhenUsed=\"false\" Name=\"Colorful Shading Accent 3\" \/>\n<w:LsdException Locked=\"false\" Priority=\"72\" SemiHidden=\"false\" UnhideWhenUsed=\"false\" Name=\"Colorful List Accent 3\" \/>\n<w:LsdException Locked=\"false\" Priority=\"73\" SemiHidden=\"false\" UnhideWhenUsed=\"false\" Name=\"Colorful Grid Accent 3\" \/>\n<w:LsdException Locked=\"false\" Priority=\"60\" SemiHidden=\"false\" UnhideWhenUsed=\"false\" Name=\"Light Shading Accent 4\" \/>\n<w:LsdException Locked=\"false\" Priority=\"61\" SemiHidden=\"false\" UnhideWhenUsed=\"false\" Name=\"Light List Accent 4\" \/>\n<w:LsdException Locked=\"false\" Priority=\"62\" SemiHidden=\"false\" UnhideWhenUsed=\"false\" Name=\"Light Grid Accent 4\" \/>\n<w:LsdException Locked=\"false\" Priority=\"63\" SemiHidden=\"false\" UnhideWhenUsed=\"false\" Name=\"Medium Shading 1 Accent 4\" \/>\n<w:LsdException Locked=\"false\" Priority=\"64\" SemiHidden=\"false\" UnhideWhenUsed=\"false\" Name=\"Medium Shading 2 Accent 4\" \/>\n<w:LsdException Locked=\"false\" Priority=\"65\" SemiHidden=\"false\" UnhideWhenUsed=\"false\" Name=\"Medium List 1 Accent 4\" \/>\n<w:LsdException Locked=\"false\" Priority=\"66\" SemiHidden=\"false\" UnhideWhenUsed=\"false\" Name=\"Medium List 2 Accent 4\" \/>\n<w:LsdException Locked=\"false\" Priority=\"67\" SemiHidden=\"false\" UnhideWhenUsed=\"false\" Name=\"Medium Grid 1 Accent 4\" \/>\n<w:LsdException Locked=\"false\" Priority=\"68\" SemiHidden=\"false\" UnhideWhenUsed=\"false\" Name=\"Medium Grid 2 Accent 4\" \/>\n<w:LsdException Locked=\"false\" Priority=\"69\" SemiHidden=\"false\" UnhideWhenUsed=\"false\" Name=\"Medium Grid 3 Accent 4\" \/>\n<w:LsdException Locked=\"false\" Priority=\"70\" SemiHidden=\"false\" UnhideWhenUsed=\"false\" Name=\"Dark List Accent 4\" \/>\n<w:LsdException Locked=\"false\" Priority=\"71\" SemiHidden=\"false\" UnhideWhenUsed=\"false\" Name=\"Colorful Shading Accent 4\" \/>\n<w:LsdException Locked=\"false\" Priority=\"72\" SemiHidden=\"false\" UnhideWhenUsed=\"false\" Name=\"Colorful List Accent 4\" \/>\n<w:LsdException Locked=\"false\" Priority=\"73\" SemiHidden=\"false\" UnhideWhenUsed=\"false\" Name=\"Colorful Grid Accent 4\" \/>\n<w:LsdException Locked=\"false\" Priority=\"60\" SemiHidden=\"false\" UnhideWhenUsed=\"false\" Name=\"Light Shading Accent 5\" \/>\n<w:LsdException Locked=\"false\" Priority=\"61\" SemiHidden=\"false\" UnhideWhenUsed=\"false\" Name=\"Light List Accent 5\" \/>\n<w:LsdException Locked=\"false\" Priority=\"62\" SemiHidden=\"false\" UnhideWhenUsed=\"false\" Name=\"Light Grid Accent 5\" \/>\n<w:LsdException Locked=\"false\" Priority=\"63\" SemiHidden=\"false\" UnhideWhenUsed=\"false\" Name=\"Medium Shading 1 Accent 5\" \/>\n<w:LsdException Locked=\"false\" Priority=\"64\" SemiHidden=\"false\" UnhideWhenUsed=\"false\" Name=\"Medium Shading 2 Accent 5\" \/>\n<w:LsdException Locked=\"false\" Priority=\"65\" SemiHidden=\"false\" UnhideWhenUsed=\"false\" Name=\"Medium List 1 Accent 5\" \/>\n<w:LsdException Locked=\"false\" Priority=\"66\" SemiHidden=\"false\" UnhideWhenUsed=\"false\" Name=\"Medium List 2 Accent 5\" \/>\n<w:LsdException Locked=\"false\" Priority=\"67\" SemiHidden=\"false\" UnhideWhenUsed=\"false\" Name=\"Medium Grid 1 Accent 5\" \/>\n<w:LsdException Locked=\"false\" Priority=\"68\" SemiHidden=\"false\" UnhideWhenUsed=\"false\" Name=\"Medium Grid 2 Accent 5\" \/>\n<w:LsdException Locked=\"false\" Priority=\"69\" SemiHidden=\"false\" UnhideWhenUsed=\"false\" Name=\"Medium Grid 3 Accent 5\" \/>\n<w:LsdException Locked=\"false\" Priority=\"70\" SemiHidden=\"false\" UnhideWhenUsed=\"false\" Name=\"Dark List Accent 5\" \/>\n<w:LsdException Locked=\"false\" Priority=\"71\" SemiHidden=\"false\" UnhideWhenUsed=\"false\" Name=\"Colorful Shading Accent 5\" \/>\n<w:LsdException Locked=\"false\" Priority=\"72\" SemiHidden=\"false\" UnhideWhenUsed=\"false\" Name=\"Colorful List Accent 5\" \/>\n<w:LsdException Locked=\"false\" Priority=\"73\" SemiHidden=\"false\" UnhideWhenUsed=\"false\" Name=\"Colorful Grid Accent 5\" \/>\n<w:LsdException Locked=\"false\" Priority=\"60\" SemiHidden=\"false\" UnhideWhenUsed=\"false\" Name=\"Light Shading Accent 6\" \/>\n<w:LsdException Locked=\"false\" Priority=\"61\" SemiHidden=\"false\" UnhideWhenUsed=\"false\" Name=\"Light List Accent 6\" \/>\n<w:LsdException Locked=\"false\" Priority=\"62\" SemiHidden=\"false\" UnhideWhenUsed=\"false\" Name=\"Light Grid Accent 6\" \/>\n<w:LsdException Locked=\"false\" Priority=\"63\" SemiHidden=\"false\" UnhideWhenUsed=\"false\" Name=\"Medium Shading 1 Accent 6\" \/>\n<w:LsdException Locked=\"false\" Priority=\"64\" SemiHidden=\"false\" UnhideWhenUsed=\"false\" Name=\"Medium Shading 2 Accent 6\" \/>\n<w:LsdException Locked=\"false\" Priority=\"65\" SemiHidden=\"false\" UnhideWhenUsed=\"false\" Name=\"Medium List 1 Accent 6\" \/>\n<w:LsdException Locked=\"false\" Priority=\"66\" SemiHidden=\"false\" UnhideWhenUsed=\"false\" Name=\"Medium List 2 Accent 6\" \/>\n<w:LsdException Locked=\"false\" Priority=\"67\" SemiHidden=\"false\" UnhideWhenUsed=\"false\" Name=\"Medium Grid 1 Accent 6\" \/>\n<w:LsdException Locked=\"false\" Priority=\"68\" SemiHidden=\"false\" UnhideWhenUsed=\"false\" Name=\"Medium Grid 2 Accent 6\" \/>\n<w:LsdException Locked=\"false\" Priority=\"69\" SemiHidden=\"false\" UnhideWhenUsed=\"false\" Name=\"Medium Grid 3 Accent 6\" \/>\n<w:LsdException Locked=\"false\" Priority=\"70\" SemiHidden=\"false\" UnhideWhenUsed=\"false\" Name=\"Dark List Accent 6\" \/>\n<w:LsdException Locked=\"false\" Priority=\"71\" SemiHidden=\"false\" UnhideWhenUsed=\"false\" Name=\"Colorful Shading Accent 6\" \/>\n<w:LsdException Locked=\"false\" Priority=\"72\" SemiHidden=\"false\" UnhideWhenUsed=\"false\" Name=\"Colorful List Accent 6\" \/>\n<w:LsdException Locked=\"false\" Priority=\"73\" SemiHidden=\"false\" UnhideWhenUsed=\"false\" Name=\"Colorful Grid Accent 6\" \/>\n<w:LsdException Locked=\"false\" Priority=\"19\" SemiHidden=\"false\" UnhideWhenUsed=\"false\" QFormat=\"true\" Name=\"Subtle Emphasis\" \/>\n<w:LsdException Locked=\"false\" Priority=\"21\" SemiHidden=\"false\" UnhideWhenUsed=\"false\" QFormat=\"true\" Name=\"Intense Emphasis\" \/>\n<w:LsdException Locked=\"false\" Priority=\"31\" SemiHidden=\"false\" UnhideWhenUsed=\"false\" QFormat=\"true\" Name=\"Subtle Reference\" \/>\n<w:LsdException Locked=\"false\" Priority=\"32\" SemiHidden=\"false\" UnhideWhenUsed=\"false\" QFormat=\"true\" Name=\"Intense Reference\" \/>\n<w:LsdException Locked=\"false\" Priority=\"33\" SemiHidden=\"false\" UnhideWhenUsed=\"false\" QFormat=\"true\" Name=\"Book Title\" \/>\n<w:LsdException Locked=\"false\" Priority=\"37\" Name=\"Bibliography\" \/>\n<w:LsdException Locked=\"false\" Priority=\"39\" QFormat=\"true\" Name=\"TOC Heading\" \/>\n<\/w:LatentStyles>\n<\/xml><![endif]--><!-- [if gte mso 10]>\n\n\n\n<style>\n\/* Style Definitions *\/<br \/>table.MsoNormalTable<br \/>{mso-style-name:\"Tabla normal\";<br \/>mso-tstyle-rowband-size:0;<br \/>mso-tstyle-colband-size:0;<br \/>mso-style-noshow:yes;<br \/>mso-style-priority:99;<br \/>mso-style-qformat:yes;<br \/>mso-style-parent:\"\";<br \/>mso-padding-alt:0cm 5.4pt 0cm 5.4pt;<br \/>mso-para-margin:0cm;<br \/>mso-para-margin-bottom:.0001pt;<br \/>mso-pagination:widow-orphan;<br \/>font-size:10.0pt;<br \/>font-family:\"Times New Roman\",\"serif\";}<br \/><\/style>\n\n<![endif]--><\/p>\n<p>&nbsp;<\/p>\n<p><strong>NORMAS PARA EL JUEGO DURANTE LA PANDEMIA<\/strong><\/p>\n<p>Desde el mes de septiembre de 2020, las reservas se realizar\u00e1n exclusivamente mediante la aplicaci\u00f3n <strong>Playtomic<\/strong> habilitada para el uso de todos los vecinos. Para su activaci\u00f3n ser\u00e1 necesario registrarse previamente en la recepci\u00f3n del club.<\/p>\n<p>Por causa de la pandemia los horarios se restringen hasta las <strong>22,00 horas<\/strong>, siendo necesario desalojar las pistas diez minutos antes de esta hora.<\/p>\n<p>Se habilita una pista de p\u00e1del de <strong>lunes a jueves<\/strong> para el alquiler por horas al precio de <strong>6\u20ac+2\u20ac de luz<\/strong>.<\/p>\n<p>La franja horaria de <strong>15,00 a 16,00<\/strong> tendr\u00e1 un precio de <strong>4\u20ac<\/strong>.<\/p>\n<p>Ser\u00e1 <strong>obligatorio el uso de mascarilla<\/strong> en todo momento excepto durante el transcurso de juego.<\/p>\n<p>Se recomienda el uso antes, durante y despu\u00e9s del juego de gel hidroalcoh\u00f3lico.<\/p>\n<p>Se evitar\u00e1 coincidir en los pasillos de las pistas, siendo necesario esperar fuera de \u00e9stos hasta el inicio del juego y hasta que los jugadores de la franja horaria anterior los hayan desalojado.<\/p>\n","protected":false},"excerpt":{"rendered":"<p>PROCEDIMIENTOS Y NORMAS DE USO DE LAS PISTAS DE TENIS Y PADEL 1.\u00a0\u00a0\u00a0 El horario [&hellip;]<\/p>\n","protected":false},"author":1,"featured_media":0,"parent":0,"menu_order":0,"comment_status":"closed","ping_status":"closed","template":"","meta":{"footnotes":""},"class_list":["post-1248","page","type-page","status-publish","hentry"],"_links":{"self":[{"href":"https:\/\/ciudadexpo.com\/ciudad\/wp-json\/wp\/v2\/pages\/1248","targetHints":{"allow":["GET"]}}],"collection":[{"href":"https:\/\/ciudadexpo.com\/ciudad\/wp-json\/wp\/v2\/pages"}],"about":[{"href":"https:\/\/ciudadexpo.com\/ciudad\/wp-json\/wp\/v2\/types\/page"}],"author":[{"embeddable":true,"href":"https:\/\/ciudadexpo.com\/ciudad\/wp-json\/wp\/v2\/users\/1"}],"replies":[{"embeddable":true,"href":"https:\/\/ciudadexpo.com\/ciudad\/wp-json\/wp\/v2\/comments?post=1248"}],"version-history":[{"count":20,"href":"https:\/\/ciudadexpo.com\/ciudad\/wp-json\/wp\/v2\/pages\/1248\/revisions"}],"predecessor-version":[{"id":2271,"href":"https:\/\/ciudadexpo.com\/ciudad\/wp-json\/wp\/v2\/pages\/1248\/revisions\/2271"}],"wp:attachment":[{"href":"https:\/\/ciudadexpo.com\/ciudad\/wp-json\/wp\/v2\/media?parent=1248"}],"curies":[{"name":"wp","href":"https:\/\/api.w.org\/{rel}","templated":true}]}}