{"id":1245,"date":"2024-06-25T15:57:58","date_gmt":"2024-06-25T13:57:58","guid":{"rendered":"http:\/\/ciudadexpo.com\/ciudad\/?page_id=1245"},"modified":"2024-07-02T10:28:51","modified_gmt":"2024-07-02T08:28:51","slug":"piscina","status":"publish","type":"page","link":"https:\/\/ciudadexpo.com\/ciudad\/piscina\/","title":{"rendered":"Piscina"},"content":{"rendered":"<h2 class=\"title blog_post_title\"><strong style=\"font-size: 16px;\">PISCINA CLUB SOCIAL TEMPORADA 2024<\/strong><\/h2>\n<div class=\"post_content\">\n<p>Apertura: <strong>1 de junio de 2024.<\/strong><br \/>\nCierre: 15 de Septiembre de 2024.<br \/>\nHorario: 12 a 21 horas (seg\u00fan mes)<\/p>\n<p>&nbsp;<\/p>\n<p><strong>NORMAS DE ACCESO:<\/strong><\/p>\n<p><strong>CARNETS<\/strong><\/p>\n<p>Es necesario para los inquilinos renovar el carnet de entrada al Club para poder acceder a la piscina.<\/p>\n<p><strong>NORMAS DE ACCESO A LA PISCINA<\/strong><\/p>\n<p>Tendr\u00e1n acceso a las instalaciones, previa presentaci\u00f3n del carnet durante el horario de apertura:<\/p>\n<p>Todos los residentes inscritos en el registro de usuarios de Ciudad Expo debidamente acreditados (siempre que el piso est\u00e9 al corriente en los pagos de cuotas de comunidad).<\/p>\n<p>Los ascendientes de los usuarios del piso, previa presentaci\u00f3n del D.N.I.<\/p>\n<p>El personal dedicado al cuidado de ni\u00f1os menores residentes en Ciudad Expo, siempre que vengan acompa\u00f1ando a los mismos y en ausencia de sus padres o tutores. Estas personas estar\u00e1n debidamente acreditadas con un carnet especial.<\/p>\n<p>Los familiares y amigos que convivan temporalmente con usuarios podr\u00e1n acceder a la piscina acompa\u00f1ando a residentes en los t\u00e9rminos establecidos en el art\u00edculo 6 del Reglamento de R\u00e9gimen Interior del Club Social mediante la adquisici\u00f3n por parte del titular de acreditaciones validas para un mes natural.<\/p>\n<p><strong>INVITACIONES, ENTRADAS Y BONOS<\/strong><\/p>\n<p>Cada usuario (propietario o inquilino) de esta Comunidad, disfrutar\u00e1 sin coste alguno de un n\u00famero de pases mensuales para sus invitados equivalente al doble del n\u00famero de dormitorios de la vivienda:<\/p>\n<ul>\n<li><strong>1 dorm: 2 pases mensuales<\/strong><\/li>\n<li><strong>2 dormitorios: 4 pases mensuales<\/strong><\/li>\n<li><strong>3 dormitorios: 6 pases mensuales<\/strong><\/li>\n<li><strong>4 dormitorios: 8 pases mensuales<\/strong><\/li>\n<li><strong>5 dormitorios: 10 pases mensuales<\/strong><\/li>\n<\/ul>\n<p>Estos pases diarios ser\u00e1n formalizados mediante la firma del usuario titular, en el control de entrada a la piscina.<\/p>\n<p>No podr\u00e1 acceder ning\u00fan invitado, sin la entrada simult\u00e1nea con un titular. El usuario titular, ser\u00e1 responsable de sus invitados, durante la estancia de estos en el recinto del Club.<\/p>\n<p>Para el acceso de INVITADOS DE USUARIOS, se pueden adquirir entradas que s\u00f3lo se podr\u00e1n utilizar de \u00a0<strong>lunes a jueves y deber\u00e1n consumirse dentro del mes en el que se han adquirido.<\/strong><\/p>\n<p>Los precios ser\u00e1n los siguientes:<\/p>\n<p class=\"v1yiv9288958510msonormal1\"><strong>De 5 a 17 a\u00f1os:\u00a0<\/strong><\/p>\n<p>Lunes a jueves, <strong>bono de 8 ba\u00f1os: 36 \u20ac<\/strong><\/p>\n<p><strong>Mayores de 18 a\u00f1os:<\/strong><\/p>\n<div id=\"v1yiv9288958510yqtfd53127\">\n<p>Lunes a jueves: <strong>Bono de 8 ba\u00f1os: 52 \u20ac<\/strong><\/p>\n<p>S\u00f3lo podr\u00e1n ser adquiridos por los usuarios titulares, previa presentaci\u00f3n del carnet actualizado y s\u00f3lo se podr\u00e1n utilizar de \u00a0<strong>lunes a jueves y deber\u00e1n consumirse dentro del mes en el que se han adquirido.<\/strong><\/p>\n<\/div>\n<p>La entrada de acceso (a favor del invitado), no tendr\u00e1 validez, si no es acompa\u00f1ado por el usuario titular. El usuario titular, ser\u00e1 responsable de sus invitados, durante la estancia de estos en el recinto del Club.<\/p>\n<p><strong>NORMAS DE ACCESO AL CLUB<\/strong><br \/>\nEl acceso al Club por la puerta de la C\/ Crist\u00f3bal Col\u00f3n se realizar\u00e1 exclusivamente con tarjeta de acceso.<\/p>\n<p><strong>NORMAS DE ACCESO A LA PISCINA<\/strong><br \/>\nTendr\u00e1n acceso a las instalaciones, previa presentaci\u00f3n del carnet durante el horario de apertura:<\/p>\n<p>\u2022 Todos los residentes inscritos en el registro de usuarios de Ciudad Expo debidamente acreditados (siempre que el piso est\u00e9 al corriente en los pagos de cuotas de comunidad).<br \/>\n\u2022 El personal dedicado al cuidado de ni\u00f1os menores residentes en Ciudad Expo, siempre que vengan acompa\u00f1ando a los mismos y en ausencia de sus padres o tutores. Estas personas estar\u00e1n debidamente acreditadas con un carnet especial.<\/p>\n<p>&nbsp;<\/p>\n<p><strong>NUEVOS CARNETS DE ACCESO.<\/strong><\/p>\n<p>El propietario de cada vivienda presentar\u00e1 en la secretar\u00eda del club la relaci\u00f3n de personas que tendr\u00e1n la condici\u00f3n de usuarios a fin de que puedan acceder al mismo\u00a0<strong>previa la admisi\u00f3n por la junta directiva<\/strong>, asumiendo dicho titular la responsabilidad de su inscripci\u00f3n, y subsidiariamente la que corresponda por posibles da\u00f1os y perjuicios (Art. 2 del R.R.I Club Social).<\/p>\n<p>Para emitir el carnet de acceso, se deber\u00e1 aportar la siguiente documentaci\u00f3n (no es necesario fotograf\u00eda):<\/p>\n<p><strong>Propietarios:<\/strong><br \/>\nRelaci\u00f3n de personas que conviven habitualmente en la vivienda (se presentar\u00e1 libro de familia o cualquier otro documento acreditativo) (1).<\/p>\n<p><strong>Inquilinos:<\/strong><br \/>\nCopia del contrato de arrendamiento y Relaci\u00f3n de personas que conviven habitualmente en la vivienda (se presentar\u00e1 libro de familia o cualquier otro documento acreditativo) (1).<br \/>\n(1).-En caso necesario, ser\u00e1 el presidente del bloque el que certifique que el familiar convive habitualmente en la vivienda, siendo la Junta Directiva del Club en funci\u00f3n de los datos aportados la que autorice la admisi\u00f3n y el acceso a las instalaciones.<\/p>\n<p>&nbsp;<\/p>\n<p><strong>NORMAS DE UTILIZACI\u00d3N DE PISCINA CLUB SOCIAL CIUDAD EXPO<\/strong><\/p>\n<ul>\n<li>Bordillos y playas de piscina: No estar\u00e1 permitido sentarse ni tumbarse.<\/li>\n<li>\u00a0Se recomienda el uso de gorros de licra y gafas para el uso de las piscinas.<\/li>\n<li>Los ni\u00f1os menores de 14 a\u00f1os deber\u00e1n estar siempre acompa\u00f1ados por una persona adulta y permanecer dentro del espacio asignado.<\/li>\n<li>SE PROHIBE hacer uso de la piscina mientras se padezca alg\u00fan tipo de enfermedad contagiosa.<\/li>\n<li>ES OBLIGATORIO usar las DUCHAS antes de BA\u00d1ARSE por motivos de higiene y para eliminar aceites, cremas y bronceadores.<\/li>\n<li>SE PROHIBE introducir en todo el recinto de la PISCINA botellas y cualquier menaje de CRISTAL, latas o material cortante. S\u00f3lo vasos de Pl\u00e1stico.<\/li>\n<li>Se prohibe la entrada de animales en la zona destinada al ba\u00f1o.<\/li>\n<li>UTILICE LOS ASEOS.<\/li>\n<li>SE PROHIBE el uso de PELOTAS o HINCHABLES en las instalaciones as\u00ed como correr en todo el recinto acotado de la piscina.<\/li>\n<li>RESPETE LAS NORMAS DE CONVIVENCIA.<\/li>\n<li>TENGA PRECAUCI\u00d3N en las zonas m\u00e1s PROFUNDAS.<\/li>\n<li>NO ARROJE PAPELES ni RESIDUOS al AGUA o en las INSTALACIONES. Utilice las PAPELERAS.<\/li>\n<li>No se permitir\u00e1 el ba\u00f1o a los ni\u00f1os menores de 10 a\u00f1os, que no est\u00e9n acompa\u00f1ados de una persona mayor, declinando toda responsabilidad en caso contrario.<\/li>\n<li>SE PROHIBE la entrada en ropa de calle y calzado en la zona de ba\u00f1o, as\u00ed como COMER o FUMAR.<\/li>\n<li>Dentro de la piscina no podr\u00e1n utilizarse, colchones neum\u00e1ticos, aletas de goma, balones, etc que puedan suponer peligro o molestia para el resto de los usuarios.<\/li>\n<li>Se proh\u00edbe la utilizaci\u00f3n de aparatos de m\u00fasica que puedan causar molestias para el resto de usuarios.<\/li>\n<li>Queda prohibido ba\u00f1arse con camisetas, y\/o cualquier prenda que no sea traje de ba\u00f1o.\u00a0Es obligatorio recogerse el pelo.<\/li>\n<li>Est\u00e1n prohibidos los saltos peligrosos y tirarse al agua de manera violenta que puedan provocar accidentes.<\/li>\n<li>Est\u00e1 prohibido sumergirse en la zona de la rejilla de evacuaci\u00f3n de agua.<\/li>\n<li>Queda prohibido ba\u00f1arse con cualquier clase de gafas de cristal, ya sean correctoras o de sol, y aqu\u00e9llas de buceo que sean de cristal.<\/li>\n<\/ul>\n<p>Todos los usuarios deber\u00e1n conocer y cumplir esta normativa dada para el uso correcto de la piscina, por su salud y su integridad f\u00edsica. Los socorristas podr\u00e1n expulsar del recinto de la piscina a quien no cumpla estas normas.<\/p>\n<p>Se ruego el estricto cumplimiento de las normas de seguridad, higiene y distanciamiento establecidas, siguiendo y haciendo seguir, en todo momento, las indicaciones de nuestros servicios de seguridad, para su protecci\u00f3n y la de todos.<\/p>\n<p><strong>SE RECOMIENDA:\u00a0<\/strong>En caso de sentir mareos, escalofr\u00edos, p\u00e9rdida de visi\u00f3n moment\u00e1nea, malestar general o cualquier otro tipo de s\u00edntoma anormal, s\u00e1lgase inmediatamente del agua y avise al socorrista.<\/p>\n<\/div>\n","protected":false},"excerpt":{"rendered":"<p>PISCINA CLUB SOCIAL TEMPORADA 2024 Apertura: 1 de junio de 2024. Cierre: 15 de Septiembre [&hellip;]<\/p>\n","protected":false},"author":1,"featured_media":0,"parent":0,"menu_order":0,"comment_status":"closed","ping_status":"closed","template":"","meta":{"footnotes":""},"class_list":["post-1245","page","type-page","status-publish","hentry"],"_links":{"self":[{"href":"https:\/\/ciudadexpo.com\/ciudad\/wp-json\/wp\/v2\/pages\/1245","targetHints":{"allow":["GET"]}}],"collection":[{"href":"https:\/\/ciudadexpo.com\/ciudad\/wp-json\/wp\/v2\/pages"}],"about":[{"href":"https:\/\/ciudadexpo.com\/ciudad\/wp-json\/wp\/v2\/types\/page"}],"author":[{"embeddable":true,"href":"https:\/\/ciudadexpo.com\/ciudad\/wp-json\/wp\/v2\/users\/1"}],"replies":[{"embeddable":true,"href":"https:\/\/ciudadexpo.com\/ciudad\/wp-json\/wp\/v2\/comments?post=1245"}],"version-history":[{"count":27,"href":"https:\/\/ciudadexpo.com\/ciudad\/wp-json\/wp\/v2\/pages\/1245\/revisions"}],"predecessor-version":[{"id":2706,"href":"https:\/\/ciudadexpo.com\/ciudad\/wp-json\/wp\/v2\/pages\/1245\/revisions\/2706"}],"wp:attachment":[{"href":"https:\/\/ciudadexpo.com\/ciudad\/wp-json\/wp\/v2\/media?parent=1245"}],"curies":[{"name":"wp","href":"https:\/\/api.w.org\/{rel}","templated":true}]}}