{"id":1243,"date":"2016-04-19T07:55:40","date_gmt":"2016-04-19T07:55:40","guid":{"rendered":"http:\/\/ciudadexpo.com\/ciudad\/?page_id=1243"},"modified":"2019-10-03T23:11:30","modified_gmt":"2019-10-03T21:11:30","slug":"otras-actividades","status":"publish","type":"page","link":"https:\/\/ciudadexpo.com\/ciudad\/otras-actividades\/","title":{"rendered":"Actividades y Horarios"},"content":{"rendered":"<div class=\"su-tabs su-tabs-style-default su-tabs-mobile-stack\" data-active=\"1\" data-scroll-offset=\"0\" data-anchor-in-url=\"no\"><div class=\"su-tabs-nav\"><span class=\"\" data-url=\"\" data-target=\"blank\" tabindex=\"0\" role=\"button\">actividades y Horarios<\/span><\/div><div class=\"su-tabs-panes\"><div class=\"su-tabs-pane su-u-clearfix su-u-trim\" data-title=\"actividades y Horarios\">\n<p>Todos los participantes deber\u00e1n acceder a las instalaciones con su tarjeta personal e intransferible.<br \/>\nEl uso fraudulento de \u00e9sta supondr\u00e1 su retirada autom\u00e1tica.<br \/>\nPRECIO DE LA TARJETA PARA NO RESIDENTES: 10 \u20ac\/A\u00d1O<br \/>\n<a href=\"http:\/\/ciudadexpo.com\/ciudad\/wp-content\/uploads\/Actividades-del-club-2019.pdf\">Desc\u00e1gate el pdf de las actividades<\/a><\/p>\n<p><img loading=\"lazy\" decoding=\"async\" class=\"alignleft size-full wp-image-1966\" src=\"http:\/\/ciudadexpo.com\/ciudad\/wp-content\/uploads\/Captura-de-pantalla-2019-10-03-a-las-22.43.39.png\" alt=\"\" width=\"1140\" height=\"449\" srcset=\"https:\/\/ciudadexpo.com\/ciudad\/wp-content\/uploads\/Captura-de-pantalla-2019-10-03-a-las-22.43.39.png 1140w, https:\/\/ciudadexpo.com\/ciudad\/wp-content\/uploads\/Captura-de-pantalla-2019-10-03-a-las-22.43.39-300x118.png 300w, https:\/\/ciudadexpo.com\/ciudad\/wp-content\/uploads\/Captura-de-pantalla-2019-10-03-a-las-22.43.39-1024x403.png 1024w\" sizes=\"auto, (max-width: 1140px) 100vw, 1140px\" \/><\/p>\n<p><img loading=\"lazy\" decoding=\"async\" class=\"alignleft size-full wp-image-1970\" src=\"http:\/\/ciudadexpo.com\/ciudad\/wp-content\/uploads\/Captura-de-pantalla-2019-10-03-a-las-22.43.51.png\" alt=\"\" width=\"1140\" height=\"350\" srcset=\"https:\/\/ciudadexpo.com\/ciudad\/wp-content\/uploads\/Captura-de-pantalla-2019-10-03-a-las-22.43.51.png 1140w, https:\/\/ciudadexpo.com\/ciudad\/wp-content\/uploads\/Captura-de-pantalla-2019-10-03-a-las-22.43.51-300x92.png 300w, https:\/\/ciudadexpo.com\/ciudad\/wp-content\/uploads\/Captura-de-pantalla-2019-10-03-a-las-22.43.51-1024x314.png 1024w\" sizes=\"auto, (max-width: 1140px) 100vw, 1140px\" \/><\/p>\n<p><img loading=\"lazy\" decoding=\"async\" class=\"alignleft size-full wp-image-1969\" src=\"http:\/\/ciudadexpo.com\/ciudad\/wp-content\/uploads\/Captura-de-pantalla-2019-10-03-a-las-22.44.04.png\" alt=\"\" width=\"1134\" height=\"582\" srcset=\"https:\/\/ciudadexpo.com\/ciudad\/wp-content\/uploads\/Captura-de-pantalla-2019-10-03-a-las-22.44.04.png 1134w, https:\/\/ciudadexpo.com\/ciudad\/wp-content\/uploads\/Captura-de-pantalla-2019-10-03-a-las-22.44.04-300x154.png 300w, https:\/\/ciudadexpo.com\/ciudad\/wp-content\/uploads\/Captura-de-pantalla-2019-10-03-a-las-22.44.04-1024x526.png 1024w, https:\/\/ciudadexpo.com\/ciudad\/wp-content\/uploads\/Captura-de-pantalla-2019-10-03-a-las-22.44.04-310x160.png 310w\" sizes=\"auto, (max-width: 1134px) 100vw, 1134px\" \/><\/p>\n<p><img loading=\"lazy\" decoding=\"async\" class=\"alignleft size-full wp-image-1968\" src=\"http:\/\/ciudadexpo.com\/ciudad\/wp-content\/uploads\/Captura-de-pantalla-2019-10-03-a-las-22.44.40.png\" alt=\"\" width=\"1138\" height=\"567\" srcset=\"https:\/\/ciudadexpo.com\/ciudad\/wp-content\/uploads\/Captura-de-pantalla-2019-10-03-a-las-22.44.40.png 1138w, https:\/\/ciudadexpo.com\/ciudad\/wp-content\/uploads\/Captura-de-pantalla-2019-10-03-a-las-22.44.40-300x149.png 300w, https:\/\/ciudadexpo.com\/ciudad\/wp-content\/uploads\/Captura-de-pantalla-2019-10-03-a-las-22.44.40-1024x510.png 1024w\" sizes=\"auto, (max-width: 1138px) 100vw, 1138px\" \/><\/p>\n<p><img loading=\"lazy\" decoding=\"async\" class=\"alignleft size-full wp-image-1967\" src=\"http:\/\/ciudadexpo.com\/ciudad\/wp-content\/uploads\/Captura-de-pantalla-2019-10-03-a-las-22.44.49.png\" alt=\"\" width=\"1137\" height=\"127\" srcset=\"https:\/\/ciudadexpo.com\/ciudad\/wp-content\/uploads\/Captura-de-pantalla-2019-10-03-a-las-22.44.49.png 1137w, https:\/\/ciudadexpo.com\/ciudad\/wp-content\/uploads\/Captura-de-pantalla-2019-10-03-a-las-22.44.49-300x34.png 300w, https:\/\/ciudadexpo.com\/ciudad\/wp-content\/uploads\/Captura-de-pantalla-2019-10-03-a-las-22.44.49-1024x114.png 1024w\" sizes=\"auto, (max-width: 1137px) 100vw, 1137px\" \/><\/p>\n<p>Adem\u00e1s el club contar\u00e1 con grupos y reuniones con intereses comunes sin \u00e1nimo de lucro como\u00a0Ajedrez, Mus, Canasta, Club de lectura, encuentros musicales&#8230;<br \/>\nSi est\u00e1s interesado en participar en alguno o quieres plantear alguna otra actividad\u2026<br \/>\nEs tu club, est\u00e1 pensado para ti.<br \/>\n\u00a1disfr\u00fatalo!<br \/>\nPuedes informarte en la conserjer\u00eda del club social<br \/>\n<\/div><\/div><\/div>\n","protected":false},"excerpt":{"rendered":"","protected":false},"author":1,"featured_media":0,"parent":0,"menu_order":0,"comment_status":"closed","ping_status":"closed","template":"","meta":{"footnotes":""},"class_list":["post-1243","page","type-page","status-publish","hentry"],"_links":{"self":[{"href":"https:\/\/ciudadexpo.com\/ciudad\/wp-json\/wp\/v2\/pages\/1243","targetHints":{"allow":["GET"]}}],"collection":[{"href":"https:\/\/ciudadexpo.com\/ciudad\/wp-json\/wp\/v2\/pages"}],"about":[{"href":"https:\/\/ciudadexpo.com\/ciudad\/wp-json\/wp\/v2\/types\/page"}],"author":[{"embeddable":true,"href":"https:\/\/ciudadexpo.com\/ciudad\/wp-json\/wp\/v2\/users\/1"}],"replies":[{"embeddable":true,"href":"https:\/\/ciudadexpo.com\/ciudad\/wp-json\/wp\/v2\/comments?post=1243"}],"version-history":[{"count":8,"href":"https:\/\/ciudadexpo.com\/ciudad\/wp-json\/wp\/v2\/pages\/1243\/revisions"}],"predecessor-version":[{"id":1982,"href":"https:\/\/ciudadexpo.com\/ciudad\/wp-json\/wp\/v2\/pages\/1243\/revisions\/1982"}],"wp:attachment":[{"href":"https:\/\/ciudadexpo.com\/ciudad\/wp-json\/wp\/v2\/media?parent=1243"}],"curies":[{"name":"wp","href":"https:\/\/api.w.org\/{rel}","templated":true}]}}