{"id":1240,"date":"2016-04-19T07:51:51","date_gmt":"2016-04-19T07:51:51","guid":{"rendered":"http:\/\/ciudadexpo.com\/ciudad\/?page_id=1240"},"modified":"2017-11-29T10:42:46","modified_gmt":"2017-11-29T09:42:46","slug":"salones","status":"publish","type":"page","link":"https:\/\/ciudadexpo.com\/ciudad\/salones\/","title":{"rendered":"Salones"},"content":{"rendered":"<div align=\"center\">Comunicamos que tienen a su disposici\u00f3n en el club social de Ciudad Expo, nuestros salones para todo tipo de reuniones, presentaciones de productos, cursos de formaci\u00f3n, Juntas de Comunidad etc.<br \/>\nEn la primera planta est\u00e1 situado el sal\u00f3n de reuniones con capacidad de hasta 100 personas, disponiendo en planta baja de sal\u00f3n estar para los descansos y bar restaurante.<br \/>\nEsto hace de las instalaciones de club un lugar id\u00f3neo para todo tipo de celebraciones y eventos.<\/p>\n<p>Pueden realizar reservas en el Tfno 954-183605.<\/p><\/div>\n<p>&nbsp;<\/p>\n<table border=\"0\" width=\"500\" cellspacing=\"0\" cellpadding=\"0\">\n<tbody>\n<tr>\n<td>\n<table width=\"500\" cellspacing=\"3\" cellpadding=\"0\">\n<tbody>\n<tr>\n<td align=\"center\" width=\"200\"><\/td>\n<td align=\"center\">Propietarios<\/td>\n<td align=\"center\">No propietarios<\/td>\n<td align=\"center\"><\/td>\n<\/tr>\n<tr valign=\"middle\">\n<td>Club Social<\/td>\n<td align=\"center\">\n<table border=\"0\" width=\"100%\" cellspacing=\"0\" cellpadding=\"0\">\n<tbody>\n<tr align=\"center\">\n<td width=\"50%\">d\u00eda<\/td>\n<td width=\"50%\">\u00bd d\u00eda<\/td>\n<\/tr>\n<\/tbody>\n<\/table>\n<\/td>\n<td align=\"center\">\n<table border=\"0\" width=\"100%\" cellspacing=\"0\" cellpadding=\"0\">\n<tbody>\n<tr align=\"center\">\n<td width=\"50%\">d\u00eda<\/td>\n<td width=\"50%\">\u00bd d\u00eda<\/td>\n<\/tr>\n<\/tbody>\n<\/table>\n<\/td>\n<td align=\"center\">\u00a0Fianza<\/td>\n<\/tr>\n<tr valign=\"middle\">\n<td>Sal\u00f3n 1\u00aa planta<\/td>\n<td align=\"center\">\n<table border=\"0\" width=\"100%\" cellspacing=\"0\" cellpadding=\"0\">\n<tbody>\n<tr align=\"center\">\n<td width=\"50%\">175 \u20ac<\/td>\n<td width=\"50%\">80 \u20ac<\/td>\n<\/tr>\n<\/tbody>\n<\/table>\n<\/td>\n<td align=\"center\">\n<table border=\"0\" width=\"100%\" cellspacing=\"0\" cellpadding=\"0\">\n<tbody>\n<tr align=\"center\">\n<td width=\"50%\">200 \u20ac<\/td>\n<td width=\"50%\">100 \u20ac<\/td>\n<\/tr>\n<\/tbody>\n<\/table>\n<\/td>\n<td align=\"center\">\u00a0100 \u20ac<\/td>\n<\/tr>\n<tr valign=\"middle\">\n<td><\/td>\n<td align=\"center\">\n<table border=\"0\" width=\"100%\" cellspacing=\"0\" cellpadding=\"0\">\n<tbody>\n<tr align=\"center\">\n<td width=\"50%\">&#8211;<\/td>\n<td width=\"50%\"><\/td>\n<\/tr>\n<\/tbody>\n<\/table>\n<\/td>\n<td align=\"center\">\n<table border=\"0\" width=\"100%\" cellspacing=\"0\" cellpadding=\"0\">\n<tbody>\n<tr align=\"center\">\n<td width=\"50%\">&#8211;<\/td>\n<td width=\"50%\">&#8211;<\/td>\n<\/tr>\n<\/tbody>\n<\/table>\n<\/td>\n<td align=\"center\"><\/td>\n<\/tr>\n<tr valign=\"middle\">\n<td>Sal\u00f3n estar (Exposiciones)<\/td>\n<td align=\"center\">\n<table border=\"0\" width=\"100%\" cellspacing=\"0\" cellpadding=\"0\">\n<tbody>\n<tr align=\"center\">\n<td width=\"50%\">150 \u20ac<\/td>\n<td width=\"50%\">75 \u20ac<\/td>\n<\/tr>\n<\/tbody>\n<\/table>\n<\/td>\n<td align=\"center\">\n<table border=\"0\" width=\"100%\" cellspacing=\"0\" cellpadding=\"0\">\n<tbody>\n<tr align=\"center\">\n<td width=\"50%\">300 \u20ac<\/td>\n<td width=\"50%\">150 \u20ac<\/td>\n<\/tr>\n<\/tbody>\n<\/table>\n<\/td>\n<td align=\"center\">\u00a0300 \u20ac<\/td>\n<\/tr>\n<\/tbody>\n<\/table>\n<p>* No se permiten comidas y bebidas para cumplea\u00f1os fuera del \u00e1rea del concesionario del bar restaurante.<\/td>\n<\/tr>\n<\/tbody>\n<\/table>\n<p><img decoding=\"async\" src=\"http:\\\\www.ciudadexpo.com\/imagenes\/ftp\/contenido\/salon1.jpg\" alt=\"\" \/><\/p>\n<p><img decoding=\"async\" src=\"http:\\\\www.ciudadexpo.com\/imagenes\/ftp\/contenido\/salon2.jpg\" alt=\"\" \/><\/p>\n","protected":false},"excerpt":{"rendered":"<p>Comunicamos que tienen a su disposici\u00f3n en el club social de Ciudad Expo, nuestros salones [&hellip;]<\/p>\n","protected":false},"author":1,"featured_media":0,"parent":0,"menu_order":0,"comment_status":"closed","ping_status":"closed","template":"","meta":{"footnotes":""},"class_list":["post-1240","page","type-page","status-publish","hentry"],"_links":{"self":[{"href":"https:\/\/ciudadexpo.com\/ciudad\/wp-json\/wp\/v2\/pages\/1240","targetHints":{"allow":["GET"]}}],"collection":[{"href":"https:\/\/ciudadexpo.com\/ciudad\/wp-json\/wp\/v2\/pages"}],"about":[{"href":"https:\/\/ciudadexpo.com\/ciudad\/wp-json\/wp\/v2\/types\/page"}],"author":[{"embeddable":true,"href":"https:\/\/ciudadexpo.com\/ciudad\/wp-json\/wp\/v2\/users\/1"}],"replies":[{"embeddable":true,"href":"https:\/\/ciudadexpo.com\/ciudad\/wp-json\/wp\/v2\/comments?post=1240"}],"version-history":[{"count":3,"href":"https:\/\/ciudadexpo.com\/ciudad\/wp-json\/wp\/v2\/pages\/1240\/revisions"}],"predecessor-version":[{"id":1692,"href":"https:\/\/ciudadexpo.com\/ciudad\/wp-json\/wp\/v2\/pages\/1240\/revisions\/1692"}],"wp:attachment":[{"href":"https:\/\/ciudadexpo.com\/ciudad\/wp-json\/wp\/v2\/media?parent=1240"}],"curies":[{"name":"wp","href":"https:\/\/api.w.org\/{rel}","templated":true}]}}