{"id":1216,"date":"2016-04-19T00:08:44","date_gmt":"2016-04-19T00:08:44","guid":{"rendered":"http:\/\/ciudadexpo.com\/ciudad\/?page_id=1216"},"modified":"2016-04-19T00:08:44","modified_gmt":"2016-04-19T00:08:44","slug":"mantenimiento-de-instalaciones-electricas","status":"publish","type":"page","link":"https:\/\/ciudadexpo.com\/ciudad\/mantenimiento-de-instalaciones-electricas\/","title":{"rendered":"Mantenimiento de instalaciones el\u00e9ctricas"},"content":{"rendered":"<p><strong>INSTALACIONES EL\u00c9CTRICAS EN BAJA TENSI\u00d3N<\/strong><\/p>\n<p><strong>DESCRIPCI\u00d3N:<\/strong><\/p>\n<p>La instalaci\u00f3n el\u00e9ctrica de un edificio es la instalaci\u00f3n de la red de distribuci\u00f3n el\u00e9ctrica para tensiones de 220\/380 voltios, desde el final de la acometida de la compa\u00f1\u00eda suministradora en la caja general de protecci\u00f3n, hasta cada punto de utilizaci\u00f3n.<\/p>\n<p>El grado de electrificaci\u00f3n de cada vivienda, m\u00ednima, media, elevada o especial, depende de la superficie de cada vivienda, la cual condiciona los circuitos m\u00ednimos necesarios y la potencia instalada m\u00ednima que debe tener cada vivienda.<\/p>\n<p>Estas instalaciones deben de contar con las siguientes l\u00edneas y elementos:<\/p>\n<ul>\n<li><strong>CAJA GENERAL DE PROTECCI\u00d3N:<\/strong>\n<p>Situada en el portal o en la fachada.<\/p>\n<p>Es el elemento de la red interior del edificio en el que se efect\u00faa la conexi\u00f3n con la acometida de la compa\u00f1\u00eda suministradora.<\/p>\n<\/li>\n<li><strong>L\u00cdNEA REPARTIDORA O ACOMETIDA INTERIOR:<\/strong>\n<p>Es la l\u00ednea que enlaza la caja general de protecci\u00f3n con la centralizaci\u00f3n de contadores.<\/p>\n<\/li>\n<li><strong>CENTRALIZACI\u00d3N DE CONTADORES:<\/strong>\n<p>Situada en el portal de entrada.<\/p>\n<p>Es el conjunto destinado a la medida del consumo de energ\u00eda el\u00e9ctrica de las viviendas, locales comerciales y servicios generales del edificio.<\/p>\n<\/li>\n<li><strong>DERIVACIONES INDIVIDUALES O MONTANTES:<\/strong>\n<p>Son las l\u00edneas que enlazan cada contador de la centralizaci\u00f3n con el correspondiente cuadro general de distribuci\u00f3n.<\/p>\n<\/li>\n<li><strong>CUADRO GENERAL DE DISTRIBUCI\u00d3N:<\/strong>\n<p>Es el cuadro situado a la entrada de cada vivienda destinado a proteger la instalaci\u00f3n interior as\u00ed como al usuario contra contactos indirectos.<\/p>\n<p>Contiene, un interruptor diferencial, que corta el suministro si se produce una fuga de corriente y que no es otra cosa que una protecci\u00f3n para las personas y tantos interruptores magneto-t\u00e9rmicos, o interruptores autom\u00e1ticos, como n\u00famero de circuitos disponga la vivienda, de acuerdo con su grado de electrificaci\u00f3n.<\/p>\n<p>\u00c9stos interruptores autom\u00e1ticos cortan el suministro en un circuito en caso de un contacto o cortocircuito.<\/p>\n<\/li>\n<li><strong>LIMITADOR O INTERRUPTOR DE CONTROL DE POTENCIA.<\/strong>\n<p>Se coloca para controlar la potencia utilizada por el usuario simult\u00e1neamente.<\/p>\n<\/li>\n<li><strong>INSTALACI\u00d3N INTERIOR:<\/strong>\n<p>Es el conjunto de circuitos que, partiendo del cuadro general de distribuci\u00f3n, alimenta a cada uno de los puntos de utilizaci\u00f3n de energ\u00eda el\u00e9ctrica en el interior de la vivienda.<\/p>\n<\/li>\n<li><strong>LINEA DE FUERZA MOTRIZ:<\/strong>\n<p>Es la l\u00ednea que enlaza un contador de servicio con el equipo motriz del ascensor y de cualquier otra instalaci\u00f3n com\u00fan existente en el edificio.<\/p>\n<\/li>\n<li><strong>LINEA DE ALUMBRADO DE ESCALERAS:<\/strong>\n<p>Es la l\u00ednea que, partiendo de un contador com\u00fan de servicios, est\u00e1 destinada al alumbrado de zonas comunes del edificio y a la alimentaci\u00f3n del equipo de amplificaci\u00f3n y distribuci\u00f3n de la antena colectiva.<\/p>\n<\/li>\n<li><strong>LINEA PRINCIPAL DE TIERRA:<\/strong>\n<p>Es la l\u00ednea que enlaza la antena colectiva, los ascensores, los equipos de fuerza comunes, las tuber\u00edas de agua, las de gas, los dep\u00f3sitos met\u00e1licos, las calderas y, en fin, cualquier masa met\u00e1lica importante, con la arqueta de la toma de tierra.<\/p>\n<\/li>\n<li><strong>RED DE EQUIPOTENCIALlDAD:<\/strong>\n<p>Es la red de tierra que enlaza la cimentaci\u00f3n, todo el per\u00edmetro y la estructura del edificio, con la toma o tomas de tierra.<\/p>\n<\/li>\n<\/ul>\n<p><strong>USO:<\/strong><\/p>\n<ul>\n<li>No se podr\u00e1 modificar la instalaci\u00f3n sin la intervenci\u00f3n de un instalador autorizado.<\/li>\n<li>Las l\u00e1mparas y cualquier elemento de iluminaci\u00f3n no se suspender\u00e1n directamente de los cables, solo se utilizar\u00e1n provisionalmente como soportes de una bombilla.<\/li>\n<li>Evitar sobrecargas con conexiones y adaptadores m\u00faltiples en los enchufes o tomas a trav\u00e9s de un portal\u00e1mparas con enchufe (ladr\u00f3n).<\/li>\n<li>Para manipular la instalaci\u00f3n debe hacerse sin tensi\u00f3n. Desconecte el diferencial y compruebe que no llega tensi\u00f3n al punto de manipulaci\u00f3n antes de empezar el trabajo.<\/li>\n<li>No intente arreglar un electrodom\u00e9stico sin desconectarlo previamente.<\/li>\n<li>Es conveniente desconectar los electrodom\u00e9sticos despu\u00e9s de usarlos, ya sean grandes o peque\u00f1os.<\/li>\n<li>Evite conectar a los enchufes aparatos de potencia superior a la normal, en la mayor\u00eda de los casos los enchufes est\u00e1n previstos para 1.000 Watios, exceptuando los de las cocinas ( horno, lavaplatos, lavadora, etc.).<\/li>\n<li>Para utilizar un aparato el\u00e9ctrico, enchufar, desenchufar, etc., hay que tener las manos secas, no estar descalzo o con los pies h\u00famedos.<\/li>\n<li>Desconecte los peque\u00f1os electrodom\u00e9sticos antes de limpiarlos.<\/li>\n<li>No colocar ni utilizar ning\u00fan aparato el\u00e9ctrico dentro de la zona de protecci\u00f3n del ba\u00f1o.<\/li>\n<li>En caso de salto del interruptor diferencial no intente forzarlo ni sujetarlo, trate de comprobar la instalaci\u00f3n desconectando todos los elementos de la red y conecte uno a uno hasta comprobar donde est\u00e1 el problema.<\/li>\n<li>En caso de saltar un interruptor autom\u00e1tico, compruebe que no hay un n\u00famero excesivo de electrodom\u00e9sticos a ese circuito o que alguno de ellos tenga alg\u00fan problema que provoque el cortocircuito.<\/li>\n<li>Tome especiales precauciones para que los ni\u00f1os no puedan utilizar aparatos el\u00e9ctricos.<\/li>\n<li>Use protectores de enchufe para evitar que los ni\u00f1os utilicen los aparatos el\u00e9ctricos o metan sus dedos en ellos.<\/li>\n<li>No utilice electrodom\u00e9sticos h\u00famedos y para su limpieza descon\u00e9ctelos previamente.<\/li>\n<li>Utilice protectores de enchufes y no deje conectados electrodom\u00e9sticos que puedan ser causa de accidente si son manipulados por ellos (molinillo, batidoras, etc.).<\/li>\n<li>No coloque aparatos de calefacci\u00f3n port\u00e1tiles cerca de visillos, cortinas o muebles pues pueden provocar un incendio.<\/li>\n<li>Evite conectar a los enchufes aparatos de potencia superior a la admitida por el mecanismo.<\/li>\n<li>Un deficiente estado en un timbre o zumbador supone riesgo, no desde\u00f1able, de incendio. Si observa un funcionamiento an\u00f3malo proceda a su revisi\u00f3n.<\/li>\n<li>En caso de ausencia prolongada se desconectar\u00e1 la instalaci\u00f3n por medio del interruptor diferencial general. Si necesita mantener alg\u00fan electrodom\u00e9stico en funcionamiento (como por ejemplo el frigor\u00edfico) mantenga conectado el diferencial y el interruptor magnetot\u00e9rmico correspondiente, desconectando los dem\u00e1s.<\/li>\n<\/ul>\n<p><strong>REVISI\u00d3N Y CONSERVACI\u00d3N:<\/strong><\/p>\n<p>La red de electricidad tiene un desgaste muy peque\u00f1o y dif\u00edcil de apreciar, no obstante, cada 5 a\u00f1os haga revisar, por personal t\u00e9cnico competente, los dispositivos de protecci\u00f3n contra cortocircuitos, comprobando sus intensidades nominales y el aislamiento de la instalaci\u00f3n interior entre cada conductor y tierra.<\/p>\n<p>Compruebe la efectividad del interruptor diferencial al menos una vez al mes pulsando el bot\u00f3n de disparo autom\u00e1tico que tiene junto a la palanca de reenganche.<\/p>\n<p>Cada dos a\u00f1os se comprobar\u00e1 y se medir\u00e1 la resistencia de la toma de tierra y el estado frente a la corrosi\u00f3n de las l\u00edneas y conexiones.<\/p>\n<p><strong>REPUESTOS<\/strong><\/p>\n<p>Se recomienda disponer para cada instalaci\u00f3n individual de cada local o vivienda de cartuchos fusibles de protecci\u00f3n de la derivaci\u00f3n individual as\u00ed como al menos una unidad de cada mecanismo existente en la vivienda o local.<\/p>\n","protected":false},"excerpt":{"rendered":"<p>INSTALACIONES EL\u00c9CTRICAS EN BAJA TENSI\u00d3N DESCRIPCI\u00d3N: La instalaci\u00f3n el\u00e9ctrica de un edificio es la instalaci\u00f3n [&hellip;]<\/p>\n","protected":false},"author":1,"featured_media":0,"parent":0,"menu_order":0,"comment_status":"closed","ping_status":"closed","template":"","meta":{"footnotes":""},"class_list":["post-1216","page","type-page","status-publish","hentry"],"_links":{"self":[{"href":"https:\/\/ciudadexpo.com\/ciudad\/wp-json\/wp\/v2\/pages\/1216","targetHints":{"allow":["GET"]}}],"collection":[{"href":"https:\/\/ciudadexpo.com\/ciudad\/wp-json\/wp\/v2\/pages"}],"about":[{"href":"https:\/\/ciudadexpo.com\/ciudad\/wp-json\/wp\/v2\/types\/page"}],"author":[{"embeddable":true,"href":"https:\/\/ciudadexpo.com\/ciudad\/wp-json\/wp\/v2\/users\/1"}],"replies":[{"embeddable":true,"href":"https:\/\/ciudadexpo.com\/ciudad\/wp-json\/wp\/v2\/comments?post=1216"}],"version-history":[{"count":1,"href":"https:\/\/ciudadexpo.com\/ciudad\/wp-json\/wp\/v2\/pages\/1216\/revisions"}],"predecessor-version":[{"id":1217,"href":"https:\/\/ciudadexpo.com\/ciudad\/wp-json\/wp\/v2\/pages\/1216\/revisions\/1217"}],"wp:attachment":[{"href":"https:\/\/ciudadexpo.com\/ciudad\/wp-json\/wp\/v2\/media?parent=1216"}],"curies":[{"name":"wp","href":"https:\/\/api.w.org\/{rel}","templated":true}]}}