{"id":1214,"date":"2016-04-19T00:07:44","date_gmt":"2016-04-19T00:07:44","guid":{"rendered":"http:\/\/ciudadexpo.com\/ciudad\/?page_id=1214"},"modified":"2016-04-19T00:07:44","modified_gmt":"2016-04-19T00:07:44","slug":"mantenimiento-de-solados-y-revestidos","status":"publish","type":"page","link":"https:\/\/ciudadexpo.com\/ciudad\/mantenimiento-de-solados-y-revestidos\/","title":{"rendered":"Mantenimiento de solados y revestidos"},"content":{"rendered":"<p><strong>MANTENIMIENTO DE SUELOS<\/strong><\/p>\n<p>En los edificios, el pavimento o solado es la capa superior de material que recubre la superficie del suelo y cuya finalidad es disponer de una superficie plana, dura y decorativa, que presente un agradable aspecto y sea resistente al desgaste.<\/p>\n<p>Los suelos o pavimentos son una de las superficies m\u00e1s sufridas de nuestro hogar y para mantenerlo en perfecto estado, s\u00f3lo hay que dedicarle un poco de tiempo. La limpieza ser\u00e1 diferente dependiendo del material, y es sencilla si sigue algunos consejos.<\/p>\n<ul>\n<li>\n<p><strong>PIEDRAS NATURALES<\/strong><\/p>\n<p><strong>DESCRIPCION:<\/strong><\/p>\n<p>Las rocas o piedras naturales constituyen uno de los materiales de construcci\u00f3n m\u00e1s antiguos usados por el hombre que, extra\u00eddas de la naturaleza y elaboradas en can-teras se transforman en uno de los materiales m\u00e1s duros y bellos.<\/p>\n<p>Su superficie, mediante pulimento, adquiere brillo.<\/p>\n<p>Las m\u00e1s usadas en construcci\u00f3n son:<\/p>\n<ul>\n<li>\n<p><strong>M\u00c1RMOLES<\/strong><\/p>\n<p><strong>DESCRIPCI\u00d3N:<\/strong><\/p>\n<p>El m\u00e1rmol est\u00e1 formado por la mezcla de diferentes sustancias minerales ofre-ciendo una amplia gama de variantes seg\u00fan sean sus componentes y los porcentajes en la composici\u00f3n, presentando coloraciones p\u00e1lidas o intensas, fundidos, grandes manchas y veteados.<\/p>\n<p>Acepta con facilidad un acabado pulimentado por lo que lo se ha convertido en un material muy apreciado para solados.<\/p>\n<p>Tiene la cualidad de poder regenerar su superficie si hubiera perdido su atractivo aspecto.<\/p>\n<p>Frecuentemente observar\u00e1 fisuras aparentes, m\u00e1s o menos grandes seg\u00fan el tipo, en las losas o piezas de m\u00e1rmol que no son sino vetas de su propia constituci\u00f3n.<\/p>\n<p>Igualmente, la perfecci\u00f3n en la tonalidad y uniformidad en color y vetas son poco probables, m\u00e1s dif\u00edcil en los m\u00e1rmoles policromos que en los monocromos.<\/p>\n<p><strong>MANTENIMIENTO:<\/strong><\/p>\n<p>La limpieza del m\u00e1rmol, al igual que cualquier otra piedra natural, debe hacerse con agua jabonosa o con detergentes no abrasivos, evitando los compuestos \u00e1cidos que abren las vetas y juntas del material.<\/p>\n<p>Si est\u00e1 muy sucio, utilice un detergente suave y aclare bien con agua limpia. Las manchas localizadas desaparecen con acetona o agua oxigenada.<\/p>\n<p>Pueden encerarse a la cera mediante enceradora o m\u00e1quinas aspiradoras-enceradoras.<\/p>\n<p><strong>CONSERVACI\u00d3N:<\/strong><\/p>\n<p>Cada 5 a\u00f1os resanar las junta defectuosas y las vetas que se hubieran abierto, pulir, si fuera necesario, y dar brillo.<\/p>\n<\/li>\n<li>\n<p><strong>GRANITOS<\/strong><\/p>\n<p><strong>DESCRIPCI\u00d3N:<\/strong><\/p>\n<p>El granito, es un material que no envejece y permanece inalterable al paso del tiempo.<\/p>\n<p>Pulimentado es de gran belleza y elegancia y repele las grasas, la humedad y el polvo.<\/p>\n<p><strong>MANTENIMIENTO:<\/strong><\/p>\n<p>Por su cualidad de repeler el polvo y las grasas, la limpieza se puede realizar con agua jabonosa exclusivamente. No obstante, puede limpiarse con cualquier detergente del mercado.<\/p>\n<p><strong>CONSERVACI\u00d3N:<\/strong><\/p>\n<p>Cada 5 a\u00f1os resanar las junta defectuosas, el brillo si el pavimento no ha sufrido un uso intensivo, permanece inalterable ante le paso del tiempo.<\/p>\n<\/li>\n<li>\n<p><strong>TERRAZOS<\/strong><\/p>\n<p><strong>DESCRIPCI\u00d3N:<\/strong><\/p>\n<p>Revestimiento de suelos en interiores y exteriores de edificios con pavimentos prefabricados a base de colorantes y \u00e1ridos p\u00e9treos conglomerados con cemento hidr\u00e1ulico, sometidos a vibrado y pretensado que le confieren gran compacidad y resis-tencia, y cuya superficie es susceptible de pulimento.<\/p>\n<p>Existe una variante del terrazo que utilizan como materia prima grandes fragmentos de m\u00e1rmol seleccionados.<\/p>\n<p><strong>MANTENIMIENTO:<\/strong><\/p>\n<p>El terrazo debe limpiarse con agua jabonosa o con detergentes no abrasivos, evitando los compuestos \u00e1cidos que abren las juntas del material.<\/p>\n<p>Pueden encerarse a la cera mediante enceradora o m\u00e1quinas aspiradoras-enceradoras.<\/p>\n<p><strong>CONSERVACI\u00d3N:<\/strong><\/p>\n<p>No necesitan de un mantenimiento especial.<\/p>\n<p>Cada 5 a\u00f1os resanar las junta defectuosas, pulir, si fuera necesario, y dar brillo.<\/p>\n<\/li>\n<li>\n<p><strong>CER\u00c1MICA<\/strong><\/p>\n<p><strong>DESCRIPCION:<\/strong><\/p>\n<p>Son baldosas de pasta de arcilla que son moldeadas en piezas de distintas formas que, al someterlas a calor se obtiene un producto duro y compacto.<\/p>\n<p><strong>MANTENIMIENTO:<\/strong><\/p>\n<p>No necesitan un mantenimiento especial. Evitar los golpes que desconchen la superficie.<\/p>\n<p><strong>CONSERVACI\u00d3N:<\/strong><\/p>\n<p>No requieren conservaci\u00f3n alguna, limit\u00e1ndose su conservaci\u00f3n al fregado con agua jabonosa y resanado de juntas.<\/p>\n<p>Pueden tratarse con barnices o bien encerarse, o bien darle una imprimaci\u00f3n a base de aceite de linaza, tratamientos que realzan el color del material.<\/p>\n<\/li>\n<li>\n<p><strong>CER\u00c1MICA ESMALTADA<\/strong><\/p>\n<p><strong>DESCRIPCI\u00d3N:<\/strong><\/p>\n<p>Son baldosas cer\u00e1micas que tiene su propio brillo debido a que se vitrifica, en el per\u00edodo de cocci\u00f3n, una capa de esmalte extendida sobre su superficie.<\/p>\n<p>Son productos resistentes, bajo \u00edndice de porosidad e inatacables a la mayor\u00eda de los agentes qu\u00edmicos.<\/p>\n<p>Tienen la superficie ligeramente rugosa.<\/p>\n<p>Es eminentemente decorativa y ornamental tanto por su agradable y amplia gama de color como por su gran resistencia al desgaste.<\/p>\n<p><strong>MANTENIMIENTO:<\/strong><\/p>\n<p>No necesitan de un mantenimiento espacial.<\/p>\n<p>Evitar los golpes que da\u00f1an su capa vidriada.<\/p>\n<p>Limpiar fregando con agua jabonosa o con detergentes, evitar los productos abrasivos.<\/p>\n<p><strong>CONSERVACI\u00d3N:<\/strong><\/p>\n<p>Cada 5 a\u00f1os resanar las junta defectuosas resan\u00e1ndolas con cemento.<\/p>\n<\/li>\n<li>\n<p><strong>GRES CER\u00c1MICO<\/strong><\/p>\n<p><strong>DESCRIPCI\u00d3N:<\/strong><\/p>\n<p>Es un tipo especial de cer\u00e1mica en cuya fabricaci\u00f3n interviene arcillas seleccio-nadas capaces de vitrificar por si solas, a las que se le a\u00f1aden productos para darle m\u00e1s dureza.<\/p>\n<p>Es un material muy compacto, impermeable, enorme dureza y gran resistencia al desgaste.<\/p>\n<p>Se utiliza en pavimentos de cocinas, cuartos de ba\u00f1o, etc.<\/p>\n<p><strong>MANTENIMIENTO:<\/strong><\/p>\n<p>Se pueden lavar con agua y con cualquier tipo de detergente.<\/p>\n<p>Procurar no dar golpes que deterioren su superficie irreparablemente.<\/p>\n<p><strong>CONSERVACI\u00d3N:<\/strong><\/p>\n<p>No necesitan de un mantenimiento espacial.<\/p>\n<p>Cada 5 a\u00f1os resanar las junta defectuosas resan\u00e1ndolas con cemento.<\/p>\n<p>Requieren un cuidado especial y una extremada limpieza.<\/p>\n<\/li>\n<\/ul>\n<li>\n<p><strong>DE MADERA<\/strong><\/p>\n<p><strong>DESCRIPCI\u00d3N:<\/strong><\/p>\n<p>Es un material noble que enriquece por s\u00ed mismo la habitaci\u00f3n donde act\u00fae como elemento de revestimiento.<\/p>\n<p>Es c\u00f3modo y el\u00e1stico, mal conductor del fr\u00edo y el calor y con malas condiciones ac\u00fasticas, por lo que es un excelente aislante t\u00e9rmico y amortiguador de ruidos.<\/p>\n<p>Comparado con otros revestimientos de suelos, los de madera son de menor duraci\u00f3n y m\u00e1s delicados, por lo que requieren un cuidado especial y una extremada limpieza. A cambio es uno de los materiales m\u00e1s nobles y decorativos.<\/p>\n<p>Los pavimentos de madera pueden ser entarimados formado por tablas de madera cepillada, de poco grosor y esca-sa anchura, que se disponen de distintas formas.<\/p>\n<p>Parquets que se diferencia del entarimado por una mayor calidad de la madera y menor tama\u00f1o de las piezas.<\/p>\n<p><strong>MANTENIMIENTO:<\/strong><\/p>\n<p>Para los parqu\u00e9s encerados los mejores aliados son la mopa o el aspirador, y es aconsejable pasar una enceradora una vez al mes. Cada dos a\u00f1os debe quitar la cera del suelo con aguarr\u00e1s y recubrirlo de nuevo por toda la superficie. Las manchas de agua se eliminan con aceite de oliva, y el resto desaparecen con un trapo humedecido en agua caliente y sosa.<\/p>\n<p>Existen suelos tratados con barniz brillante muy resistentes al calor y al agua. La limpieza con agua y jab\u00f3n es suficiente, y si quiere devolverles el brillo, no hace falta que retire la capa de barniz; frote el suelo con un pa\u00f1uelo de seda natural.<\/p>\n<p>El parqu\u00e9 impregnado debe tratarse siempre con un producto protector. L\u00edmpielo con agua jabonosa, y aplique cera l\u00edquida sobre los peque\u00f1os ara\u00f1azos.<\/p>\n<p>En los suelos de madera no tratada el procedimiento es el mismo, aunque tiene que evitar humedecerlos demasiado, ya que un exceso de agua puede provocar la formaci\u00f3n de astillas. Si quiere aclarar el color del suelo, puede a\u00f1adir un poco de lej\u00eda al agua; y para quitar las manchas de grasa, prepare una mezcla de pasta de jabon y agua caliente, exti\u00e9ndala, y deje que repose unas horas.<\/p>\n<p>Conviene junto con la limpieza peri\u00f3dica tratar el pavimento de madera con alg\u00fan insecticida para prevenir el ataque de insectos de la madera que puedan anidar en las juntas de las piezas.<\/p>\n<p><strong>CONSERVACI\u00d3N:<\/strong><\/p>\n<p>Cuando la madera presente s\u00edntomas de desgaste o p\u00e9rdida del barniz, se proceder\u00e1 al acuchillado y barnizado del mismo que debe ser realizado por empresa especializada.<\/p>\n<\/li>\n<li>\n<p><strong>AGLOMERADOS DE CORCHO<\/strong><\/p>\n<p><strong>DESCRIPCI\u00d3N:<\/strong><\/p>\n<p>El pavimento de aglomerado de corcho est\u00e1 formado por un conjunto de losetas prefabricadas con aglomerado puro de corcho y cuya aglutinaci\u00f3n se consigue \u00fanica-mente por el prensado y la acci\u00f3n del calor.<\/p>\n<p>Es un magn\u00edfico aislante contra el calor y el fr\u00edo y de excelentes condiciones ac\u00fasticas.<\/p>\n<p>Es decorativo, aunque de escasa variedad, ya que el color es el del tono natural del corcho y en ocre tostado, pero la sola disposici\u00f3n que se d\u00e9 a las losetas y a la forma y tama\u00f1o que las mismas adopten, consiguen multitud de combinaciones distintas.<\/p>\n<p>Se terminan con un recubrimiento de barniz a base de resinas sint\u00e9ticas que mejora su aspecto y le confiere brillo.<\/p>\n<p>Es un pavimento muy indicado para viviendas, especialmente en habitaciones infantiles, dormitorios y cuartos de juego, donde sus cualidades son dif\u00edciles de superar.<\/p>\n<p><strong>MANTENIMIENTO:<\/strong><\/p>\n<p>Se limpia barriendo con aspiradora o cepillo de cerda blanda.<\/p>\n<p>Las manchas desaparecen pasando una bayeta humedecida con una soluci\u00f3n jabonosa o con una d\u00e9bil proporci\u00f3n de cualquier detergente.<\/p>\n<p><strong>CONSERVACI\u00d3N:<\/strong><\/p>\n<p>No necesitan cuidados especiales.<\/p>\n<p>Cada 2 a\u00f1os, o antes si se aprecia desgaste, reponer el acabado superficial.<\/p>\n<\/li>\n<li>\n<p><strong>MOQUETAS<\/strong><\/p>\n<p><strong>DESCRIPCI\u00d3N:<\/strong><\/p>\n<p>Las moquetas se consideran como un material ligero de pavimentaci\u00f3n.<\/p>\n<p>Son revestimientos de suelos con materiales textiles a base de fibras naturales o sint\u00e9ticas, que se fijan a los mismos mediante adhesivos.<\/p>\n<p>Tiene una aplicaci\u00f3n universal por su elegancia, confortabilidad, resistencia y comodidad en la vivienda, pero en especial, en pasillos, dormitorios, cuartos de ni\u00f1os, cuartos de juego, escaleras y vest\u00edbulos.<\/p>\n<p><strong>MANTENIMIENTO:<\/strong><\/p>\n<p>Pasar diariamente la aspiradora.<\/p>\n<p>Las manchas deben limpiarse inmediatamente de producidas, antes de que sequen.<\/p>\n<p>El punto manchado debe frotarse con una esponja, un pa\u00f1o o un cepillo em-pleando agua tibia con un poco de detergente.<\/p>\n<p>Para la limpieza, use cualquier producto especial a la venta en el mercado. Para su aplicaci\u00f3n, utilice un cepillo o esponja, y recuerde que cuanto m\u00e1s frote la moqueta mejores resultados conseguir\u00e1. Ante cualquier tipo de mancha, pruebe primero en un lugar poco visible con un poco de agua, y retire la humedad con un trapo limpio. Si la mancha no desaparece, aplique un quitamanchas con cuidado de que no incida directamente en la moqueta. As\u00ed evitar\u00e1 que quede un cerco alrededor.<\/p>\n<p>La t\u00e9cnica de limpieza para las distintas manchas, como caf\u00e9, vino, licores, hue-vo, aceite, crema del calzado, tinta, bol\u00edgrafo, etc. ser\u00e1n las mismas que para la tapicer\u00eda y la ropa.<\/p>\n<p><strong>CONSERVACION:<\/strong><\/p>\n<p>De vez en cuando debe realizarse una limpieza a fondo con espuma seca. Los rotos y quemaduras se reparan cortando la parte da\u00f1ada con un sacaboca-dos y pegando en el hueco un pedazo igual al cortado.<\/p>\n<\/li>\n<\/ul>\n","protected":false},"excerpt":{"rendered":"<p>MANTENIMIENTO DE SUELOS En los edificios, el pavimento o solado es la capa superior de [&hellip;]<\/p>\n","protected":false},"author":1,"featured_media":0,"parent":0,"menu_order":0,"comment_status":"closed","ping_status":"closed","template":"","meta":{"footnotes":""},"class_list":["post-1214","page","type-page","status-publish","hentry"],"_links":{"self":[{"href":"https:\/\/ciudadexpo.com\/ciudad\/wp-json\/wp\/v2\/pages\/1214","targetHints":{"allow":["GET"]}}],"collection":[{"href":"https:\/\/ciudadexpo.com\/ciudad\/wp-json\/wp\/v2\/pages"}],"about":[{"href":"https:\/\/ciudadexpo.com\/ciudad\/wp-json\/wp\/v2\/types\/page"}],"author":[{"embeddable":true,"href":"https:\/\/ciudadexpo.com\/ciudad\/wp-json\/wp\/v2\/users\/1"}],"replies":[{"embeddable":true,"href":"https:\/\/ciudadexpo.com\/ciudad\/wp-json\/wp\/v2\/comments?post=1214"}],"version-history":[{"count":1,"href":"https:\/\/ciudadexpo.com\/ciudad\/wp-json\/wp\/v2\/pages\/1214\/revisions"}],"predecessor-version":[{"id":1215,"href":"https:\/\/ciudadexpo.com\/ciudad\/wp-json\/wp\/v2\/pages\/1214\/revisions\/1215"}],"wp:attachment":[{"href":"https:\/\/ciudadexpo.com\/ciudad\/wp-json\/wp\/v2\/media?parent=1214"}],"curies":[{"name":"wp","href":"https:\/\/api.w.org\/{rel}","templated":true}]}}