{"id":1212,"date":"2016-04-19T00:06:16","date_gmt":"2016-04-19T00:06:16","guid":{"rendered":"http:\/\/ciudadexpo.com\/ciudad\/?page_id=1212"},"modified":"2016-04-19T00:06:16","modified_gmt":"2016-04-19T00:06:16","slug":"instalaciones-de-gas","status":"publish","type":"page","link":"https:\/\/ciudadexpo.com\/ciudad\/instalaciones-de-gas\/","title":{"rendered":"Instalaciones de gas"},"content":{"rendered":"<h6>INSTALACIONES DE GAS<\/h6>\n<p><strong>Descripci\u00f3n<\/strong><\/p>\n<p>Instalaciones de distribuci\u00f3n de gas ciudad ; gas natural desde la acometida hasta los aparatos de consumo y de gases licuados del petr\u00f3leo (propano y butano) desde dep\u00f3sitos de gases licuados hasta aparatos de consumo.<\/p>\n<p><strong>Elementos principales de la instalaci\u00f3n:<\/strong><\/p>\n<ul>\n<li><strong>Llave de acometida.<\/strong> Dispositivo de corte, m\u00e1s pr\u00f3ximo o en el mismo l\u00edmite de la propiedad, accesible desde el exterior de la misma e identificable, que puede interrumpir el paso de gas a la instalaci\u00f3n receptora.<\/li>\n<li><strong>Acometida interior.<\/strong> Conjunto de conducciones y accesorios, comprendidos entre la llave de acometida y la llave o llaves de edificios, incluidas \u00e9stas.<\/li>\n<li><strong>Llave del edificio.<\/strong> Dispositivo de corte m\u00e1s pr\u00f3ximo o en el muro del edificio, accionable desde el exterior del mismo que puede interrumpir el paso del gas a la instalaci\u00f3n com\u00fan que suministra a varios usuarios ubicados en el mismo edificio.<br \/>\nPuede no existir, por hacer esta funci\u00f3n la llave de acometida, en caso edificio \u00fanico o si la distancia entre la llave de acometida y edificio es menor de 10 m. siendo la conducci\u00f3n que los une enterrada 025 m. si es a\u00e9rea o visitable.<\/li>\n<li><strong>Instalaci\u00f3n receptora.<\/strong> Conjunto de conducciones y accesorios comprendidos entre la llave de acometida, excluida \u00e9sta y las llaves de aparatos, incluidas \u00e9stas.<\/li>\n<li><strong>Instalaci\u00f3n com\u00fan.<\/strong> Conjunto de conducciones y accesorios comprendidos entre la llave de edificio o la llave de acometida si aquella no existe, excluida \u00e9sta y las llaves de abonado, incluidas \u00e9stas.<\/li>\n<li><strong>Instalaci\u00f3n individual.<\/strong> Conjunto de conducciones y accesorios comprendidos entre la llave de abonado o la llave de edificio o la llave de acometida, seg\u00fan el caso si se suministra a un solo abonado, excluida \u00e9sta y las llaves de aparato, incluidas \u00e9stas.<\/li>\n<li><strong>Llave de abonado.<\/strong> Llave de inicio de la instalaci\u00f3n individual del usuario. Es el dispositivo de corte que perteneciendo a la instalaci\u00f3n com\u00fan puede interrumpir el paso de gas a una sola instalaci\u00f3n individual debiendo ser esta llave accesible desde zonas de propiedad com\u00fan.<\/li>\n<li><strong>Llave aparato.<\/strong> Dispositivo de corte que no debe confundirse con la v\u00e1lvula de corte incorporada al propio aparato. Forma parte de la instalaci\u00f3n, debiendo estar situada lo m\u00e1s pr\u00f3ximo posible a la conexi\u00f3n de cada aparato de utilizaci\u00f3n y en el mismo local.<\/li>\n<li><strong>Contador.<\/strong> Equipo de medida del consumo des gas al usuario.<\/li>\n<li><strong>Elementos de ventilaci\u00f3n.<\/strong> Son los huecos que comunicados directamente con el exterior permiten la renovaci\u00f3n continua del aire en las habitaciones donde est\u00e1n instalados los aparatos de utilizaci\u00f3n.<\/li>\n<\/ul>\n<p><strong>Contrato de mantenimiento<\/strong><\/p>\n<ul>\n<li>El propietario de la vivienda, se responzabilizar\u00e1 de la conservaci\u00f3n de las instalaciones de gas.<\/li>\n<li>Corresponde al usuario mantener en perfecto estado de conservaci\u00f3n sus instalaciones a partir del contador, as\u00ed como hacer servicio adecuado de las mismas y para ello deber\u00e1 realizar revisiones peri\u00f3dicas cada cuatro a\u00f1os utilizando los servicios de un Instalador autorizado que extender\u00e1 un certificado acreditativo de la revisi\u00f3n efectuada y fecha en que se realiz\u00f3, que entregar\u00e1 al usuario y copia que conservar\u00e1 a disposici\u00f3n de la Empresa suministradora.<\/li>\n<li>Las Empresas instaladoras realizar\u00e1n visitas de inspecci\u00f3n peri\u00f3dicas que comprender\u00e1n cada a\u00f1o, como m\u00ednimo, un 25% de los abonados.<\/li>\n<li>Las Empresas suministradoras realizar\u00e1n el mantenimiento preventivo de la acometida interior enterrada. Las eventuales correcciones y reparaciones que puedan derivarse del mantenimiento preventivo deber\u00e1n ser efectuadas por la propiedad a su cargo, en tiempo y tecnolog\u00eda apropiada.<\/li>\n<\/ul>\n<p><strong>Uso y conservaci\u00f3n<\/strong><\/p>\n<ul>\n<li>No se realizar\u00e1 ninguna modificaci\u00f3n que altere el funcionamiento de la instalaci\u00f3n sin la aprobaci\u00f3n de la compa\u00f1\u00eda suministradora, siendo precisa la intervenci\u00f3n de T\u00e9cnico competente, la revisi\u00f3n de la instalaci\u00f3n y la realizaci\u00f3n de pruebas de servicio en los siguientes casos:<br \/>\na) Variaci\u00f3n del tipo o caracter\u00edsticas del gas suministrado.<br \/>\nb) Variaci\u00f3n notable de la presi\u00f3n respecto a la de servicio de la red.<br \/>\nc) Cambio de destino del edificio.<br \/>\nd) Modificaci\u00f3n o ampliaci\u00f3n, total o parcial, de un tramo.<\/li>\n<li>Se deber\u00e1n mantener siempre libres los huecos de ventilaci\u00f3n.<\/li>\n<li>Durante las ausencias prolongadas cerrar el paso de gas a la instalaci\u00f3n de la vivienda.<\/li>\n<li>Cuando finalice la utilizaci\u00f3n de un aparato, cerrar primero sus mandos y luego la llave de la instalaci\u00f3n.<\/li>\n<li>Revisar con frecuencia el estado de los tubos flexibles de entrada de gas a los aparatos y sus abrazaderas de sujeci\u00f3n. Evitar que entren en contacto con superficies calientes.<\/li>\n<li>Si la llama tizna o ennegrece proceder a la revisi\u00f3n de los quemadores.<\/li>\n<li>Conservar en buen estado los aparatos de utilizaci\u00f3n y seguir atentamente las instrucciones de los manuales de uso.<\/li>\n<li>Si se aprecia olor a gas:\n<ul>\n<li>No encender cerillas, ni accionar interruptor el\u00e9ctrico.<\/li>\n<li>Cerrar la llave general de la instalaci\u00f3n y ventilar el local.<\/li>\n<li>Comprobar el cierre de las llaves y mandos de aparatos, el estado del tubo y sus conexiones.<\/li>\n<li>Si persiste el olor a gas al reabrir la llave general, cerrarla de nuevo y avisar a un Instalador autorizado.<\/li>\n<li>Si el olor a gas es percibido fuera de la vivienda evitar asimismo toda chispa o llama y avisar a la Compa\u00f1\u00eda suministradora.<\/li>\n<\/ul>\n<\/li>\n<\/ul>\n<p><strong>Mantenimiento<\/strong><\/p>\n<p><em>Cada a\u00f1o.<\/em><\/p>\n<ul>\n<li>Limpieza en fr\u00edo del purgador<\/li>\n<\/ul>\n<p><em>Cada 2 a\u00f1os.<\/em><\/p>\n<ul>\n<li>Comprobaci\u00f3n, mediante espuma jabonosa, de la llave de paso de acometida abierta-cerrada.<\/li>\n<li>Comprobaci\u00f3n, mediante espuma jabonosa, de la llave de paso de edificio y de abonado, abierta-cerrada y reposici\u00f3n si procede.<\/li>\n<li>Cambio del tubo flexible, en todo caso antes de la fecha de caducidad.<\/li>\n<li>Comprobaci\u00f3n del estado de junta aislante.<\/li>\n<li>Comprobaci\u00f3n de estanqueidad en el limitador a presi\u00f3n de 1.8 k\/cm<sup>2<\/sup>.<\/li>\n<li>Comprobaci\u00f3n en el regulador de la presi\u00f3n de salida de cierre, a caudal nulo, y estanqueidad a presi\u00f3n de 1.8 k\/cm<sup>2<\/sup>.<\/li>\n<li>Comprobaci\u00f3n de estanqueidad y medida de contador.<\/li>\n<li>Comprobaci\u00f3n de funcionamiento y estanqueidad de v\u00e1lvula autom\u00e1tica. Reposici\u00f3n si procede.<\/li>\n<\/ul>\n<p><em>Cada 4 a\u00f1os.<\/em><\/p>\n<ul>\n<li>Comprobaci\u00f3n en el regulador de la presi\u00f3n de salida de cierre a caudal nulo.<\/li>\n<li>Comprobaci\u00f3n de estanqueidad de la red a presi\u00f3n de servicio.<\/li>\n<li>Comprobaci\u00f3n de estanqueidad y medida del contador.<\/li>\n<li>Comprobaci\u00f3n de estanqueidad en llave de acometida abierta-cerrada.<\/li>\n<li>Revisi\u00f3n de la instalaci\u00f3n por instalador autorizado.<\/li>\n<\/ul>\n","protected":false},"excerpt":{"rendered":"<p>INSTALACIONES DE GAS Descripci\u00f3n Instalaciones de distribuci\u00f3n de gas ciudad ; gas natural desde la [&hellip;]<\/p>\n","protected":false},"author":1,"featured_media":0,"parent":0,"menu_order":0,"comment_status":"closed","ping_status":"closed","template":"","meta":{"footnotes":""},"class_list":["post-1212","page","type-page","status-publish","hentry"],"_links":{"self":[{"href":"https:\/\/ciudadexpo.com\/ciudad\/wp-json\/wp\/v2\/pages\/1212","targetHints":{"allow":["GET"]}}],"collection":[{"href":"https:\/\/ciudadexpo.com\/ciudad\/wp-json\/wp\/v2\/pages"}],"about":[{"href":"https:\/\/ciudadexpo.com\/ciudad\/wp-json\/wp\/v2\/types\/page"}],"author":[{"embeddable":true,"href":"https:\/\/ciudadexpo.com\/ciudad\/wp-json\/wp\/v2\/users\/1"}],"replies":[{"embeddable":true,"href":"https:\/\/ciudadexpo.com\/ciudad\/wp-json\/wp\/v2\/comments?post=1212"}],"version-history":[{"count":1,"href":"https:\/\/ciudadexpo.com\/ciudad\/wp-json\/wp\/v2\/pages\/1212\/revisions"}],"predecessor-version":[{"id":1213,"href":"https:\/\/ciudadexpo.com\/ciudad\/wp-json\/wp\/v2\/pages\/1212\/revisions\/1213"}],"wp:attachment":[{"href":"https:\/\/ciudadexpo.com\/ciudad\/wp-json\/wp\/v2\/media?parent=1212"}],"curies":[{"name":"wp","href":"https:\/\/api.w.org\/{rel}","templated":true}]}}