{"id":1208,"date":"2016-04-19T00:04:05","date_gmt":"2016-04-19T00:04:05","guid":{"rendered":"http:\/\/ciudadexpo.com\/ciudad\/?page_id=1208"},"modified":"2016-04-19T00:04:05","modified_gmt":"2016-04-19T00:04:05","slug":"instalacion-de-agua-fria-y-caliente","status":"publish","type":"page","link":"https:\/\/ciudadexpo.com\/ciudad\/instalacion-de-agua-fria-y-caliente\/","title":{"rendered":"Instalaci\u00f3n de agua fr\u00eda y caliente"},"content":{"rendered":"<p><strong>Descripci\u00f3n<\/strong><\/p>\n<p>Instalaci\u00f3n de distribuci\u00f3n de agua fr\u00eda para uso en cocinas y aseos desde la acometida interior de la edificaci\u00f3n hasta los aparatos de consumo.<\/p>\n<p><strong>Elementos principales de la instalaci\u00f3n<\/strong><\/p>\n<p><em>(Contadores divisionarios centralizados)<\/em><\/p>\n<ul>\n<li><strong>Acometida<\/strong>. Tuber\u00eda que enlaza la instalaci\u00f3n interior de la edificaci\u00f3n con la red de distribuci\u00f3n de agua, suele llevar incorporadas las siguientes llaves de maniobra:\n<ul>\n<li><strong>Llave de toma<\/strong>. Situada en la tuber\u00eda de la red de distribuci\u00f3n exterior, que abre paso a la acometida.<\/li>\n<li><strong>Llave de registro<\/strong>. Colocada sobre la tuber\u00eda de la acometida en la v\u00eda p\u00fablica.<\/li>\n<li><strong>Llave de paso<\/strong>. Situada en la uni\u00f3n de la instalaci\u00f3n interior general y la acometida en el interior del inmueble y pr\u00f3xima a su fachada. Bajo la responsabilidad del propietario, si fuera preciso, podr\u00e1 cerrarse para dejar sin agua el interior del edificio.<\/li>\n<li><strong>Bater\u00eda de contadores divisionarios<\/strong>. Conjunto formado por la agrupaci\u00f3n de los aparatos de medida (contadores divisionarios) que miden los consumos particulares de cada abonado.<\/li>\n<li><strong>Contador principal<\/strong>. Mide la totalidad de los consumos producidos en una acometida. Se sit\u00faa en la proximidad de la llave de paso.<\/li>\n<li><strong>Dep\u00f3sito acumulador<\/strong>. Para alimentaci\u00f3n al grupo de presi\u00f3n, y de reserva cuando el suministro sea discontinuo.<\/li>\n<li><strong>Grupo de presi\u00f3n<\/strong>. Equipo hidroneum\u00e1tico que proporciona en caso necesario la suficiente presi\u00f3n al agua para permitir su circulaci\u00f3n por todo el recorrido de las instalaciones.<\/li>\n<li><strong>Instalaci\u00f3n interior general del edificio<\/strong>. Conjunto de tuber\u00edas y accesorios que canalizan el agua desde la acometida a las instalaciones particulares interiores. Est\u00e1 constituida por el tubo de alimentaci\u00f3n, la bater\u00eda de contadores divisionarios y un dispositivo de comprobaci\u00f3n y llave de retenci\u00f3n a la salida de contadores. El tubo de alimentaci\u00f3n enlaza la llave de paso con la bater\u00eda de contadores. Sobre \u00e9l est\u00e1n dispuestos el contador general, un dispositivo de comprobaci\u00f3n, llave de retenci\u00f3n y grupo de presi\u00f3n.<\/li>\n<li><strong>Instalaci\u00f3n interior particular<\/strong>. Se inicia en la llave a la salida del contador para terminar en los grifos de salida de agua. Est\u00e1 formada por el tubo ascendente o montante que es la tuber\u00eda que une la llave de salida de contador a la llave de paso del abonado (quien podr\u00e1 cerrarla para dejar sin agua su instalaci\u00f3n) y la derivaci\u00f3n particular que parte de la llave de abonado de las que salen las derivaciones de los aparatos de consumo.<\/li>\n<li><strong>Llave de retenci\u00f3n<\/strong>. Tiene por objeto evitar el retorno de agua a la red de distribuci\u00f3n.<\/li>\n<\/ul>\n<\/li>\n<\/ul>\n<p><strong>Uso y conservaci\u00f3n<\/strong><\/p>\n<ul>\n<li>Toda modificaci\u00f3n de la instalaci\u00f3n, incluso la interior particular, ser\u00e1 realizada bajo la direcci\u00f3n y estudio previo de T\u00e9cnico competente para ello.<\/li>\n<li>No se utilizar\u00e1n las tuber\u00edas, en ning\u00fan, caso como toma de puesta a tierra de aparatos el\u00e9ctricos.<\/li>\n<li>Es conveniente cerrar la llave de paso cuando se ausente de la vivienda por un per\u00edodo de tiempo.<\/li>\n<li>Si la instalaci\u00f3n est\u00e1 realizada con tubo de acero galvanizado, no efect\u00fae reparaciones o modificaciones con tubo de cobre, y si la instalaci\u00f3n est\u00e1 realizada con tubo de cobre no efect\u00fae reparaciones o modificaciones con tubo de acero galvanizado ya que estos dos metales en contacto afectan a la instalaci\u00f3n por corrosi\u00f3n electrol\u00edtica.<\/li>\n<li>Seque las condensaciones y salpicaduras sobre los grifos cromados para una mayor duraci\u00f3n de los mismos. Lo mismo puede hacer respecto a los aparatos sanitarios y fregaderos de acero.<\/li>\n<li>El grupo electrobomba del grupo de presi\u00f3n no deber\u00e1 trabajar nunca sin agua en el dep\u00f3sito acumulador.<\/li>\n<li>Caso de faltar agua, se vaciar\u00e1 totalmente el dep\u00f3sito de presi\u00f3n del grupo y se proceder\u00e1 al reglaje del aire y puesta a punto.<\/li>\n<li>Se tendr\u00e1n disponibles repuestos de los elementos de protecci\u00f3n (fusibles) de las instalaciones electromec\u00e1nicas.<\/li>\n<\/ul>\n<p><strong>Mantenimiento<\/strong><\/p>\n<p><em>Cada mes.<\/em><\/p>\n<ul>\n<li>Limpieza de rompechorros de grifos.<\/li>\n<li>Inspecci\u00f3n de fugas por juntas, prensas, racores, etc de la instalaci\u00f3n interior general del edificio.<\/li>\n<li>Lubricaci\u00f3n-engrase en cojinetes y rodamientos de electrobomba.<\/li>\n<li>Limpieza de filtros de aspiraci\u00f3n de bombas.<\/li>\n<\/ul>\n<p><em>Cada 3 meses.<\/em><\/p>\n<ul>\n<li>Limpieza del dep\u00f3sito acumulador.<\/li>\n<\/ul>\n<p><em>Cada 6 meses.<\/em><\/p>\n<p>En el grupo de presi\u00f3n verificar:<\/p>\n<ul>\n<li>Funcionamiento del presostato.<\/li>\n<li>Verificar el regulador de aire.<\/li>\n<li>Verificar apertura de v\u00e1lvulas de compuerta de aspiraci\u00f3n y salida.<\/li>\n<li>Verificaci\u00f3n y limpieza de v\u00e1lvula de retenci\u00f3n.<\/li>\n<li>Revisi\u00f3n de cierre en grifos y llaves de la instalaci\u00f3n interior particular.<\/li>\n<\/ul>\n<p><em>Cada a\u00f1o.<\/em><\/p>\n<p>En el grupo de presi\u00f3n verificar:<\/p>\n<ul>\n<li>Regulaci\u00f3n del presostato.<\/li>\n<li>Limpieza de electrobombas y regulador de aire.<\/li>\n<li>Inspecci\u00f3n de fugas y corrosiones en dep\u00f3sito de presi\u00f3n.<\/li>\n<li>Comprobaci\u00f3n de la altura manom\u00e9trica de aspiraci\u00f3n.<\/li>\n<li>Limpieza exterior del dep\u00f3sito de presi\u00f3n.<\/li>\n<li>Comprobaci\u00f3n de vibraciones y estado de anclajes.<\/li>\n<\/ul>\n<p><em>Cada 2 a\u00f1os.<\/em><\/p>\n<ul>\n<li>Revisi\u00f3n completa de la instalaci\u00f3n, reparando todas aquellas tuber\u00edas, accesorios y equipos que presenten mal estado o funcionamiento deficiente.<\/li>\n<\/ul>\n<p><em>Cada 4 a\u00f1os.<\/em><\/p>\n<ul>\n<li>Efectuar prueba de estanqueidad y funcionamiento.<\/li>\n<\/ul>\n<p><em>Cada 10 a\u00f1os.<\/em><\/p>\n<ul>\n<li>Prueba de presi\u00f3n del tanque o dep\u00f3sito del grupo de presi\u00f3n.<\/li>\n<\/ul>\n","protected":false},"excerpt":{"rendered":"<p>Descripci\u00f3n Instalaci\u00f3n de distribuci\u00f3n de agua fr\u00eda para uso en cocinas y aseos desde la [&hellip;]<\/p>\n","protected":false},"author":1,"featured_media":0,"parent":0,"menu_order":0,"comment_status":"closed","ping_status":"closed","template":"","meta":{"footnotes":""},"class_list":["post-1208","page","type-page","status-publish","hentry"],"_links":{"self":[{"href":"https:\/\/ciudadexpo.com\/ciudad\/wp-json\/wp\/v2\/pages\/1208","targetHints":{"allow":["GET"]}}],"collection":[{"href":"https:\/\/ciudadexpo.com\/ciudad\/wp-json\/wp\/v2\/pages"}],"about":[{"href":"https:\/\/ciudadexpo.com\/ciudad\/wp-json\/wp\/v2\/types\/page"}],"author":[{"embeddable":true,"href":"https:\/\/ciudadexpo.com\/ciudad\/wp-json\/wp\/v2\/users\/1"}],"replies":[{"embeddable":true,"href":"https:\/\/ciudadexpo.com\/ciudad\/wp-json\/wp\/v2\/comments?post=1208"}],"version-history":[{"count":1,"href":"https:\/\/ciudadexpo.com\/ciudad\/wp-json\/wp\/v2\/pages\/1208\/revisions"}],"predecessor-version":[{"id":1209,"href":"https:\/\/ciudadexpo.com\/ciudad\/wp-json\/wp\/v2\/pages\/1208\/revisions\/1209"}],"wp:attachment":[{"href":"https:\/\/ciudadexpo.com\/ciudad\/wp-json\/wp\/v2\/media?parent=1208"}],"curies":[{"name":"wp","href":"https:\/\/api.w.org\/{rel}","templated":true}]}}