{"id":1085,"date":"2016-03-31T19:26:56","date_gmt":"2016-03-31T17:26:56","guid":{"rendered":"http:\/\/ciudadexpo.com\/ciudad\/?page_id=1085"},"modified":"2022-09-12T12:44:46","modified_gmt":"2022-09-12T10:44:46","slug":"gimnasio","status":"publish","type":"page","link":"https:\/\/ciudadexpo.com\/ciudad\/gimnasio\/","title":{"rendered":"Gimnasio"},"content":{"rendered":"<p><img loading=\"lazy\" decoding=\"async\" class=\"alignnone wp-image-2566\" src=\"http:\/\/ciudadexpo.com\/ciudad\/wp-content\/uploads\/Cartel-Gimnasio-300x235.jpg\" alt=\"\" width=\"562\" height=\"440\" srcset=\"https:\/\/ciudadexpo.com\/ciudad\/wp-content\/uploads\/Cartel-Gimnasio-300x235.jpg 300w, https:\/\/ciudadexpo.com\/ciudad\/wp-content\/uploads\/Cartel-Gimnasio-1024x802.jpg 1024w, https:\/\/ciudadexpo.com\/ciudad\/wp-content\/uploads\/Cartel-Gimnasio.jpg 2000w\" sizes=\"auto, (max-width: 562px) 100vw, 562px\" \/><\/p>\n<p>&nbsp;<\/p>\n<p>Somos un gimnasio orientado a la preparaci\u00f3n PERSONAL.<\/p>\n<p>Estamos lejos de ser un espacio que busca la masificaci\u00f3n.<\/p>\n<p>Nuestro objetivo es lograr un entrenamiento eficiente de cada alumno o alumna que contribuya a lograr sus metas.<\/p>\n<p>En el haber a lo largo de nuestra historia se encuentran ol\u00edmpicos como Maribel P\u00e9rez o Gerard Descarrega y jugadores del WPT como los hermanos \u00c1lvaro y Pedro Mel\u00e9ndez.<\/p>\n<p>\u00a1Levantamos campeones!<\/p>\n<p>Visita nuestro espacio (<a href=\"https:\/\/www.facebook.com\/GimnasioCiudadExpo\">https:\/\/www.facebook.com\/GimnasioCiudadExpo<\/a>)<\/p>\n<p>M\u00e1s informaci\u00f3n tfno.- \u00a0677 98 98 72<\/p>\n","protected":false},"excerpt":{"rendered":"<p>&nbsp; Somos un gimnasio orientado a la preparaci\u00f3n PERSONAL. Estamos lejos de ser un espacio [&hellip;]<\/p>\n","protected":false},"author":9,"featured_media":0,"parent":0,"menu_order":0,"comment_status":"closed","ping_status":"closed","template":"","meta":{"footnotes":""},"class_list":["post-1085","page","type-page","status-publish","hentry"],"_links":{"self":[{"href":"https:\/\/ciudadexpo.com\/ciudad\/wp-json\/wp\/v2\/pages\/1085","targetHints":{"allow":["GET"]}}],"collection":[{"href":"https:\/\/ciudadexpo.com\/ciudad\/wp-json\/wp\/v2\/pages"}],"about":[{"href":"https:\/\/ciudadexpo.com\/ciudad\/wp-json\/wp\/v2\/types\/page"}],"author":[{"embeddable":true,"href":"https:\/\/ciudadexpo.com\/ciudad\/wp-json\/wp\/v2\/users\/9"}],"replies":[{"embeddable":true,"href":"https:\/\/ciudadexpo.com\/ciudad\/wp-json\/wp\/v2\/comments?post=1085"}],"version-history":[{"count":7,"href":"https:\/\/ciudadexpo.com\/ciudad\/wp-json\/wp\/v2\/pages\/1085\/revisions"}],"predecessor-version":[{"id":2570,"href":"https:\/\/ciudadexpo.com\/ciudad\/wp-json\/wp\/v2\/pages\/1085\/revisions\/2570"}],"wp:attachment":[{"href":"https:\/\/ciudadexpo.com\/ciudad\/wp-json\/wp\/v2\/media?parent=1085"}],"curies":[{"name":"wp","href":"https:\/\/api.w.org\/{rel}","templated":true}]}}