{"id":1083,"date":"2016-03-31T19:26:39","date_gmt":"2016-03-31T17:26:39","guid":{"rendered":"http:\/\/ciudadexpo.com\/ciudad\/?page_id=1083"},"modified":"2022-09-13T08:35:42","modified_gmt":"2022-09-13T06:35:42","slug":"padel","status":"publish","type":"page","link":"https:\/\/ciudadexpo.com\/ciudad\/padel\/","title":{"rendered":"P\u00e1del"},"content":{"rendered":"<p><img loading=\"lazy\" decoding=\"async\" class=\"alignnone size-medium wp-image-2565\" src=\"http:\/\/ciudadexpo.com\/ciudad\/wp-content\/uploads\/espalda-logo-291x300.jpg\" alt=\"\" width=\"291\" height=\"300\" srcset=\"https:\/\/ciudadexpo.com\/ciudad\/wp-content\/uploads\/espalda-logo-291x300.jpg 291w, https:\/\/ciudadexpo.com\/ciudad\/wp-content\/uploads\/espalda-logo-42x42.jpg 42w, https:\/\/ciudadexpo.com\/ciudad\/wp-content\/uploads\/espalda-logo.jpg 720w\" sizes=\"auto, (max-width: 291px) 100vw, 291px\" \/><\/p>\n<p>El Club de P\u00e1del Ciudad Expo surgi\u00f3 por la demanda de los vecinos de Ciudad Expo de crear una comunidad donde compartir la afici\u00f3n por el p\u00e1del.<\/p>\n<p>El entrenador profesional Juan Manuel Perera est\u00e1 la cargo de las Clases de p\u00e1del que oferta en un amplio abanico horario y para todas las edades.<\/p>\n<p>Adem\u00e1s, se ofrece entrenamiento personalizado para la preparaci\u00f3n f\u00edsica orientada al p\u00e1del y es el entrenador de los equipos del club.<\/p>\n<p>En la actualidad cuenta con 4 equipos de competici\u00f3n en las Series Nacionales de P\u00e1del en las categor\u00edas de 1000 Masculino, 500 Femenino y Future, Masculino y Femenino.<\/p>\n<p>Adem\u00e1s desde el Club se organizan numerosos encuentros, torneos y ligas internas e interclubes durante todo el a\u00f1o.<\/p>\n<p>Si quieres estar al tanto de todo s\u00edguenos:\u00a0<a href=\"https:\/\/www.facebook.com\/ClubdepadelCiudadExpo\/\">https:\/\/www.facebook.com\/ClubdepadelCiudadExpo\/<\/a><\/p>\n<p>&nbsp;<\/p>\n<p>&nbsp;<\/p>\n<p>&nbsp;<\/p>\n","protected":false},"excerpt":{"rendered":"<p>El Club de P\u00e1del Ciudad Expo surgi\u00f3 por la demanda de los vecinos de Ciudad [&hellip;]<\/p>\n","protected":false},"author":8,"featured_media":0,"parent":0,"menu_order":0,"comment_status":"closed","ping_status":"closed","template":"","meta":{"footnotes":""},"class_list":["post-1083","page","type-page","status-publish","hentry"],"_links":{"self":[{"href":"https:\/\/ciudadexpo.com\/ciudad\/wp-json\/wp\/v2\/pages\/1083","targetHints":{"allow":["GET"]}}],"collection":[{"href":"https:\/\/ciudadexpo.com\/ciudad\/wp-json\/wp\/v2\/pages"}],"about":[{"href":"https:\/\/ciudadexpo.com\/ciudad\/wp-json\/wp\/v2\/types\/page"}],"author":[{"embeddable":true,"href":"https:\/\/ciudadexpo.com\/ciudad\/wp-json\/wp\/v2\/users\/8"}],"replies":[{"embeddable":true,"href":"https:\/\/ciudadexpo.com\/ciudad\/wp-json\/wp\/v2\/comments?post=1083"}],"version-history":[{"count":7,"href":"https:\/\/ciudadexpo.com\/ciudad\/wp-json\/wp\/v2\/pages\/1083\/revisions"}],"predecessor-version":[{"id":2573,"href":"https:\/\/ciudadexpo.com\/ciudad\/wp-json\/wp\/v2\/pages\/1083\/revisions\/2573"}],"wp:attachment":[{"href":"https:\/\/ciudadexpo.com\/ciudad\/wp-json\/wp\/v2\/media?parent=1083"}],"curies":[{"name":"wp","href":"https:\/\/api.w.org\/{rel}","templated":true}]}}