{"id":1081,"date":"2016-03-31T19:26:18","date_gmt":"2016-03-31T17:26:18","guid":{"rendered":"http:\/\/ciudadexpo.com\/ciudad\/?page_id=1081"},"modified":"2021-09-01T09:50:07","modified_gmt":"2021-09-01T07:50:07","slug":"tenis","status":"publish","type":"page","link":"https:\/\/ciudadexpo.com\/ciudad\/tenis\/","title":{"rendered":"Tenis"},"content":{"rendered":"<p><img decoding=\"async\" src=\"http:\\\\www.ciudadexpo.com\/imagenes\/ftp\/contenido\/LOGO-TENIS.jpg\" alt=\"\" align=\"middle\" \/><\/p>\n<p>Como todos los a\u00f1os la Escuela de tenis comienza su temporada de clases a mediados del mes <strong>septiembre<\/strong>.\u00a0 En el folleto que adjuntamos podr\u00e1s saber la fecha exacta del comienzo, as\u00ed como el d\u00eda que os convocamos para la presentaci\u00f3n del curso. En esta cita daremos todo tipo de informaci\u00f3n tanto para los alumnos que se matriculan por primera vez, como para los alumnos ya matriculados en cursos anteriores.<\/p>\n<p><strong><a href=\"http:\/\/ciudadexpo.com\/ciudad\/wp-content\/uploads\/Escuela-Tenis-2021-22.pdf\">VER FOLLETO (enlace al FOLLETO del CURSO)<\/a><\/strong> \u00a0(link al folleto)<\/p>\n<p><strong>HORARIO: DE LUNES A VIERNES:<\/strong><\/p>\n<p>Tardes: De 17:00 H. A 21:00 H.<\/p>\n<p><strong>DURACI\u00d3N DE LA ESCUELA<\/strong>: Desde mediados de septiembre (apertura) al 31 de mayo (clausura)<\/p>\n<p><strong>ACTIVIDADES Y PROGRAMACI\u00d3N ANUAL:<\/strong><\/p>\n<ul>\n<li>Jornadas de Juegos Deportivos en Navidad.<\/li>\n<li>Marat\u00f3n de Dobles: Competici\u00f3n por equipos en diferentes categor\u00edas (primavera).<\/li>\n<li>Ligas por divisiones. Para alumnos de la Escuela.<\/li>\n<li>Interclubs Escuela de Tenis (Club de Tenis La Motilla, Zaud\u00edn, Vista Azul, Tablada, etc.).<\/li>\n<li>Ligas Federadas Provinciales.<\/li>\n<li>Torneo Social Absoluto.<\/li>\n<li>Clausura del Curso (31 de junio): Entrega de diplomas y premios.<\/li>\n<li>Cursos Intensivos: Grupo especial de Competici\u00f3n.<\/li>\n<li>Adultos: Clases en grupos seg\u00fan niveles y clases particulares.<\/li>\n<\/ul>\n<p><strong>EQUIPO T\u00c9CNICO<\/strong><\/p>\n<p><strong>Narciso Regidor<\/strong>. Director T\u00e9cnico Escuela de Tenis. Tlf. 670626260<\/p>\n<p>Monitor, Entrenador y Profesor Nacional de Tenis (\u00c1rea de Docencia e Investigaci\u00f3n de la Real Federaci\u00f3n Espa\u00f1ola de Tenis (RFET)).<\/p>\n<p>Monitor Nacional de P\u00e1del (Federaci\u00f3n Espa\u00f1ola de P\u00e1del).<\/p>\n<p>\u00c1rbitro Nacional de Tenis (RFET).<\/p>\n<p>M\u00e1s de 20 a\u00f1os de experiencia profesional en la ense\u00f1anza del tenis y direcci\u00f3n de escuelas.<\/p>\n<p><strong>Antonio Bejarano<\/strong>. Director T\u00e9cnico adjunto. Tlf. 629266584<\/p>\n<p>Monitor, Entrenador y Profesor Nacional de Tenis (\u00c1rea de Docencia e Investigaci\u00f3n de la Real Federaci\u00f3n Espa\u00f1ola de Tenis (RFET)).<\/p>\n<p>Especializaci\u00f3n en Tenis de Silla de Ruedas (Nivel I).<\/p>\n<p>Director T\u00e9cnico del C.D. La Motilla (Dos Hermanas) durante varios a\u00f1os.<\/p>\n<p>T\u00e9cnico acompa\u00f1ante de jugadores de la Federaci\u00f3n Andaluza, en diferentes torneos importantes a nivel Regional y Nacional durante varios a\u00f1os (Sport Goofy, Manuel Alonso, Nacionales alevines, infantiles, cadetes).<\/p>\n<p><strong>Alba Regidor<\/strong>. Instructora Regional de Tenis (Federaci\u00f3n Andaluza Tenis (FAT).<\/p>\n<p>Monitora de los Campamentos de Tenis Ciudad Expo.<\/p>\n<p><strong>Antonio Bejarano Jr<\/strong>. Instructor Regional de Tenis (Federaci\u00f3n Andaluza Tenis (FAT).<\/p>\n<p>Monitor de los Campamentos de Tenis Ciudad Expo.<\/p>\n<p><strong>NOTICIAS Y ENLACES WEB<\/strong><\/p>\n<p><strong>Federaci\u00f3n Andaluza de Tenis<\/strong><\/p>\n<p><strong><a href=\"http:\/\/www.fatenis.com\/\">http:\/\/www.fatenis.com\/<\/a><\/strong><\/p>\n<p><strong>Real Federaci\u00f3n Espa\u00f1ola de Tenis<\/strong><\/p>\n<p><strong><a href=\"http:\/\/www.rfet.es\/\">http:\/\/www.rfet.es\/<\/a><\/strong><\/p>\n<p><strong>Circuitos Andaluces de Tenis<\/strong><\/p>\n<p><strong><a href=\"http:\/\/www.circuitosandalucesdetenis.es\/\">http:\/\/www.circuitosandalucesdetenis.es\/<\/a><\/strong><\/p>\n<p><img loading=\"lazy\" decoding=\"async\" class=\"alignnone wp-image-1464\" src=\"http:\/\/ciudadexpo.com\/ciudad\/wp-content\/uploads\/tenis-16-300x225.jpg\" alt=\"tenis-16\" width=\"423\" height=\"317\" \/><\/p>\n<p>Club de tenis Ciudad Expo en el Master de Tenis de Madrid<\/p>\n","protected":false},"excerpt":{"rendered":"<p>Como todos los a\u00f1os la Escuela de tenis comienza su temporada de clases a mediados [&hellip;]<\/p>\n","protected":false},"author":6,"featured_media":0,"parent":0,"menu_order":0,"comment_status":"closed","ping_status":"closed","template":"","meta":{"footnotes":""},"class_list":["post-1081","page","type-page","status-publish","hentry"],"_links":{"self":[{"href":"https:\/\/ciudadexpo.com\/ciudad\/wp-json\/wp\/v2\/pages\/1081","targetHints":{"allow":["GET"]}}],"collection":[{"href":"https:\/\/ciudadexpo.com\/ciudad\/wp-json\/wp\/v2\/pages"}],"about":[{"href":"https:\/\/ciudadexpo.com\/ciudad\/wp-json\/wp\/v2\/types\/page"}],"author":[{"embeddable":true,"href":"https:\/\/ciudadexpo.com\/ciudad\/wp-json\/wp\/v2\/users\/6"}],"replies":[{"embeddable":true,"href":"https:\/\/ciudadexpo.com\/ciudad\/wp-json\/wp\/v2\/comments?post=1081"}],"version-history":[{"count":15,"href":"https:\/\/ciudadexpo.com\/ciudad\/wp-json\/wp\/v2\/pages\/1081\/revisions"}],"predecessor-version":[{"id":2369,"href":"https:\/\/ciudadexpo.com\/ciudad\/wp-json\/wp\/v2\/pages\/1081\/revisions\/2369"}],"wp:attachment":[{"href":"https:\/\/ciudadexpo.com\/ciudad\/wp-json\/wp\/v2\/media?parent=1081"}],"curies":[{"name":"wp","href":"https:\/\/api.w.org\/{rel}","templated":true}]}}