{"id":1077,"date":"2016-03-31T19:25:46","date_gmt":"2016-03-31T19:25:46","guid":{"rendered":"http:\/\/ciudadexpo.com\/ciudad\/?page_id=1077"},"modified":"2020-10-28T09:22:07","modified_gmt":"2020-10-28T08:22:07","slug":"bar","status":"publish","type":"page","link":"https:\/\/ciudadexpo.com\/ciudad\/bar\/","title":{"rendered":"Bar-Restaurante"},"content":{"rendered":"<p>Bar-Restaurante del Club Social de Ciudad Expo<\/p>\n<p>Carmelo Segarra Daza<\/p>\n<p><strong>Carta de presentaci\u00f3n<\/strong><\/p>\n<p><img loading=\"lazy\" decoding=\"async\" class=\"alignleft wp-image-1439\" src=\"http:\/\/ciudadexpo.com\/ciudad\/wp-content\/uploads\/2016-Bar-483x1024.jpg\" alt=\"2016-Bar\" width=\"250\" height=\"530\" srcset=\"https:\/\/ciudadexpo.com\/ciudad\/wp-content\/uploads\/2016-Bar-483x1024.jpg 483w, https:\/\/ciudadexpo.com\/ciudad\/wp-content\/uploads\/2016-Bar-142x300.jpg 142w, https:\/\/ciudadexpo.com\/ciudad\/wp-content\/uploads\/2016-Bar.jpg 1059w\" sizes=\"auto, (max-width: 250px) 100vw, 250px\" \/>Somos una empresa joven, residentes en Ciudad Expo, que actualmente tenemos en funcionamiento el restaurante La Baula Gastro-Pizza, ubicado en Mairena del Aljarafe, en la Avda. de la Sabidur\u00eda 27, con productos novedosos de gran aceptaci\u00f3n a precios populares.<\/p>\n<p>Deseamos ampliar nuestra actividad convencidos de que dar\u00edamos un buen servicio a la altura de lo que nuestros vecinos se merecen, con elementos de calidad.<\/p>\n<p>Nuestro principal objetivo es devolverle al Club su caracter\u00edstica principal de Club Social, patrocinando y promoviendo actividades en las que todos participemos y a la vez nos sintamos orgullosos de pertenecer a \u00e9l.<\/p>\n<p>Contamos con la ventaja de saber de primera mano qu\u00e9 es lo que demandan los usuarios, pues somos uno de ellos, y al mismo tiempo tenemos el convencimiento de que somos capaces de cubrir y solucionar las posibles demandas, gracias a nuestra preparaci\u00f3n y experiencia.<\/p>\n<p>Trabajamos con primeras marcas y nuestros proveedores han sido seleccionados anteponiendo la calidad a costa de un menor margen de beneficio para poder ofrecer un buen producto final, pues el objetivo es tener clientes satisfechos.<\/p>\n<p>Tenemos experiencia en la elaboraci\u00f3n de comidas caseras, arroces, pizzas, desayunos, meriendas, etc. y contamos con la maquinaria necesaria para su elaboraci\u00f3n, pues es la actividad que desarrollamos actualmente.<\/p>\n<p>Contamos con el personal necesario para cubrir y preparar eventos, reuniones familiares, acontecimientos especiales.<\/p>\n<p>Nuestro objetivo es mejorar constantemente, por lo que instalaremos un buz\u00f3n de sugerencias, tanto virtual como f\u00edsico donde estudiaremos y valoraremos todas las propuestas de los usuarios y en la medida de lo posible, satisfacer las peticiones que nos realicen.<\/p>\n<p><strong>Actividades a realizar <\/strong><\/p>\n<p>Organizaci\u00f3n de distintos eventos seg\u00fan temporada y tem\u00e1tica: inicio y fin de temporada de piscina, carnaval, Feria, etc.<\/p>\n<p>Entre nuestros vecinos hay mucho arte, ofreceremos un espacio para ello: exposici\u00f3n de pintura, recitales, poes\u00eda, mon\u00f3logos, etc.<\/p>\n<p>Recuperar la funci\u00f3n de Club Social colaborando y apoyando a los distintos torneos deportivos que se organicen y nos comprometemos a organizar y patrocinar anualmente, al menos, un torneo de p\u00e1del y otro de tenis.<\/p>\n<p>Ocio para los mayores con juegos de mesa, cartas, diana, etc.<\/p>\n<p>Creaci\u00f3n de zonas de juego infantil distribuida por rincones y actividades: pintura, lectura, construcciones, audiovisual, etc., dividida por estanter\u00edas.<\/p>\n<p>Cine de verano cada 2 o 3 viernes.<\/p>\n<p>Para los d\u00edas de invierno vemos que hay dos alternativas, si la Administraci\u00f3n lo permite:<\/p>\n<ul style=\"list-style: decimal;\">\n<li>Instalaci\u00f3n de un kiosko-bar en la zona situada entre las pistas de p\u00e1del y las de tenis.<\/li>\n<li>Una peque\u00f1a terraza a pi\u00e9 de las escaleras que comunican con el sal\u00f3n del restaurante.<\/li>\n<\/ul>\n<p><strong>Personal asignado al centro <\/strong><\/p>\n<p>Contamos con personal altamente cualificado, siendo Carmelo Segarra, el Jefe de Cocina, todos con Carnet de Manipulaci\u00f3n de alimentos, como exige la normativa.<\/p>\n<p><strong>Horarios de apertura y cierre<\/strong><\/p>\n<p>En invierno \u00fanicamente se cerrar\u00eda los lunes por descanso de personal y los d\u00edas que determine la Administraci\u00f3n, excepto que el lunes sea fiesta o v\u00edspera de fiesta, traslad\u00e1ndose dicho d\u00eda de descanso al inmediato siguiente laboral.<\/p>\n<p>En verano se abrir\u00e1 todos los d\u00edas, sin excepci\u00f3n.<\/p>\n<p>El horario de invierno ser\u00eda de martes a jueves de 16:00 a 22:30, viernes y s\u00e1bado de 12:30 a 24:00 y los domingos de 12:30 a 22:30.<\/p>\n<p>El horario de verano ser\u00eda de lunes a domingo de 12:00 a 00:30.<\/p>\n<p><strong>Inversiones a realizar <\/strong><\/p>\n<p>Aportamos los materiales y mobiliario necesarios para las actividades infantiles y de ocio indicadas arriba, as\u00ed como la decoraci\u00f3n para recuperar ese aspecto de club social del que hablamos.<\/p>\n<p>Decoraremos y aportaremos el mobiliario necesario para dar el aspecto deseado, tenemos documentaci\u00f3n, art\u00edculos y elementos de decoraci\u00f3n acorde al origen de nuestra urbanizaci\u00f3n, es decir, la Expo-92.<\/p>\n<p>En las zonas de bar-cafeter\u00eda a la entrada, el pasillo, el comedor y la terraza, queremos crear distintos espacios y ambientes, una zona de ocio para los ni\u00f1os en un espacio cubierto para los d\u00edas de fr\u00edo o lluvia, otra zona de entretenimiento para los adultos, donde poder picar y tomar algo, otra donde poder leer, echar una partida a los juegos de mesa o ver la televisi\u00f3n, elementos \u00e9stos que tambi\u00e9n aportamos y, por supuesto, la terraza frente a la piscina para verano y los d\u00edas de sol de invierno, dando a la parrilla el protagonismo que se merece.<\/p>\n<p>Las estanter\u00edas para hacer las divisiones por rincones para los ni\u00f1os:<\/p>\n<p>Si la Junta Directiva del Club nos permite su colocaci\u00f3n, adelantar\u00edamos la instalaci\u00f3n y puesta en marcha del kiosko, negociando el plazo de recuperaci\u00f3n de dicha inversi\u00f3n, pues se trata de un elemento fijo cuyo coste final deber\u00eda asumir el Club Ciudad Expo.<\/p>\n<p>Y m\u00e1s adelante, si lo demanda el usuario y sobre todo para los meses de invierno, podr\u00edamos ofrecer el servicio a domicilio, sin coste a\u00f1adido, pues tenemos todo lo necesario para reparto de comida a domicilio: moto, envases, bolsas t\u00e9rmicas, etc.<\/p>\n<p><a href=\"http:\/\/ciudadexpo.com\/ciudad\/wp-content\/uploads\/CARTA-COD-QR.pdf\" target=\"_blank\" rel=\"noopener\"><span style=\"font-weight: bold;\">VER CARTA DE PRECIOS<\/span><\/a><\/p>\n<p><a href=\"http:\/\/ciudadexpo.com\/ciudad\/wp-content\/uploads\/3menus.pdf\" target=\"_blank\" rel=\"noopener\"><span style=\"font-weight: bold;\">VER MEN\u00daS<\/span><\/a><\/p>\n<p><a href=\"http:\/\/ciudadexpo.com\/ciudad\/wp-content\/uploads\/CARTELCOCTEL.gif\" target=\"_blank\" rel=\"noopener\"><span style=\"font-weight: bold;\">COCTELES<\/span><\/a><\/p>\n","protected":false},"excerpt":{"rendered":"<p>Bar-Restaurante del Club Social de Ciudad Expo Carmelo Segarra Daza Carta de presentaci\u00f3n Somos una [&hellip;]<\/p>\n","protected":false},"author":4,"featured_media":0,"parent":0,"menu_order":0,"comment_status":"closed","ping_status":"closed","template":"","meta":{"footnotes":""},"class_list":["post-1077","page","type-page","status-publish","hentry"],"_links":{"self":[{"href":"https:\/\/ciudadexpo.com\/ciudad\/wp-json\/wp\/v2\/pages\/1077","targetHints":{"allow":["GET"]}}],"collection":[{"href":"https:\/\/ciudadexpo.com\/ciudad\/wp-json\/wp\/v2\/pages"}],"about":[{"href":"https:\/\/ciudadexpo.com\/ciudad\/wp-json\/wp\/v2\/types\/page"}],"author":[{"embeddable":true,"href":"https:\/\/ciudadexpo.com\/ciudad\/wp-json\/wp\/v2\/users\/4"}],"replies":[{"embeddable":true,"href":"https:\/\/ciudadexpo.com\/ciudad\/wp-json\/wp\/v2\/comments?post=1077"}],"version-history":[{"count":17,"href":"https:\/\/ciudadexpo.com\/ciudad\/wp-json\/wp\/v2\/pages\/1077\/revisions"}],"predecessor-version":[{"id":2249,"href":"https:\/\/ciudadexpo.com\/ciudad\/wp-json\/wp\/v2\/pages\/1077\/revisions\/2249"}],"wp:attachment":[{"href":"https:\/\/ciudadexpo.com\/ciudad\/wp-json\/wp\/v2\/media?parent=1077"}],"curies":[{"name":"wp","href":"https:\/\/api.w.org\/{rel}","templated":true}]}}